{"id":40474,"date":"2023-07-11T14:30:46","date_gmt":"2023-07-11T11:30:46","guid":{"rendered":"https:\/\/www.radiomarket.fi\/?post_type=product&#038;p=40474"},"modified":"2023-07-11T14:33:36","modified_gmt":"2023-07-11T11:33:36","slug":"ekum3006-80014a-540x128mm","status":"publish","type":"product","link":"https:\/\/www.radiomarket.fi\/en\/kohde\/ekum3006-80014a-540x128mm\/","title":{"rendered":"EKUM3006 80014A 540x128mm"},"content":{"rendered":"<p>Asteikkolasi tai -pleksi putkiradioon tms.<\/p><p>Lasin mitat otsikkorivill\u00e4<\/p><p>-likaa, maalissa naarmu<\/p><p>&nbsp;<\/p>","protected":false},"excerpt":{"rendered":"<p>Suosittelemme asteikkolaseille s\u00e4rkyv\u00e4-lis\u00e4palvelua (ostettavissa tuotteena)<\/p>","protected":false},"featured_media":40475,"template":"","meta":[],"_links":{"self":[{"href":"https:\/\/www.radiomarket.fi\/en\/wp-json\/wp\/v2\/product\/40474"}],"collection":[{"href":"https:\/\/www.radiomarket.fi\/en\/wp-json\/wp\/v2\/product"}],"about":[{"href":"https:\/\/www.radiomarket.fi\/en\/wp-json\/wp\/v2\/types\/product"}],"wp:featuredmedia":[{"embeddable":true,"href":"https:\/\/www.radiomarket.fi\/en\/wp-json\/wp\/v2\/media\/40475"}],"wp:attachment":[{"href":"https:\/\/www.radiomarket.fi\/en\/wp-json\/wp\/v2\/media?parent=40474"}],"curies":[{"name":"wp","href":"https:\/\/api.w.org\/{rel}","templated":true}]}}