{"id":40476,"date":"2023-07-11T14:34:00","date_gmt":"2023-07-11T11:34:00","guid":{"rendered":"https:\/\/www.radiomarket.fi\/?post_type=product&#038;p=40476"},"modified":"2023-07-11T14:35:27","modified_gmt":"2023-07-11T11:35:27","slug":"ekum3007-luxor-senator-3502w-asteikkolasi-amatoori-ja-maritime-alue-563x130mm","status":"publish","type":"product","link":"https:\/\/www.radiomarket.fi\/en\/kohde\/ekum3007-luxor-senator-3502w-asteikkolasi-amatoori-ja-maritime-alue-563x130mm\/","title":{"rendered":"EKUM3007 Luxor Senator 3502W asteikkolasi, amat\u00f6\u00f6ri ja maritime alue 563x130mm"},"content":{"rendered":"<p>Asteikkolasi tai -pleksi putkiradioon tms.<\/p><p>Lasin mitat otsikkorivill\u00e4<\/p><p>&nbsp;<\/p><p>&nbsp;<\/p>","protected":false},"excerpt":{"rendered":"<p>Suosittelemme asteikkolaseille s\u00e4rkyv\u00e4-lis\u00e4palvelua (ostettavissa tuotteena)<\/p>","protected":false},"featured_media":40477,"template":"","meta":[],"_links":{"self":[{"href":"https:\/\/www.radiomarket.fi\/en\/wp-json\/wp\/v2\/product\/40476"}],"collection":[{"href":"https:\/\/www.radiomarket.fi\/en\/wp-json\/wp\/v2\/product"}],"about":[{"href":"https:\/\/www.radiomarket.fi\/en\/wp-json\/wp\/v2\/types\/product"}],"wp:featuredmedia":[{"embeddable":true,"href":"https:\/\/www.radiomarket.fi\/en\/wp-json\/wp\/v2\/media\/40477"}],"wp:attachment":[{"href":"https:\/\/www.radiomarket.fi\/en\/wp-json\/wp\/v2\/media?parent=40476"}],"curies":[{"name":"wp","href":"https:\/\/api.w.org\/{rel}","templated":true}]}}