{"id":40481,"date":"2023-07-11T15:00:37","date_gmt":"2023-07-11T12:00:37","guid":{"rendered":"https:\/\/www.radiomarket.fi\/?post_type=product&#038;p=40481"},"modified":"2023-07-11T15:02:18","modified_gmt":"2023-07-11T12:02:18","slug":"ekum3009-rigonda-symphony-635x151mm","status":"publish","type":"product","link":"https:\/\/www.radiomarket.fi\/en\/kohde\/ekum3009-rigonda-symphony-635x151mm\/","title":{"rendered":"EKUM3009 Rigonda-Symphony 635x151mm"},"content":{"rendered":"<p>Asteikkolasi tai -pleksi putkiradioon tms.<\/p><p>Lasin mitat otsikkorivill\u00e4<\/p><p>&nbsp;<\/p><p>&nbsp;<\/p>","protected":false},"excerpt":{"rendered":"<p>Suosittelemme asteikkolaseille s\u00e4rkyv\u00e4-lis\u00e4palvelua (ostettavissa tuotteena)<\/p>","protected":false},"featured_media":40482,"template":"","meta":[],"_links":{"self":[{"href":"https:\/\/www.radiomarket.fi\/en\/wp-json\/wp\/v2\/product\/40481"}],"collection":[{"href":"https:\/\/www.radiomarket.fi\/en\/wp-json\/wp\/v2\/product"}],"about":[{"href":"https:\/\/www.radiomarket.fi\/en\/wp-json\/wp\/v2\/types\/product"}],"wp:featuredmedia":[{"embeddable":true,"href":"https:\/\/www.radiomarket.fi\/en\/wp-json\/wp\/v2\/media\/40482"}],"wp:attachment":[{"href":"https:\/\/www.radiomarket.fi\/en\/wp-json\/wp\/v2\/media?parent=40481"}],"curies":[{"name":"wp","href":"https:\/\/api.w.org\/{rel}","templated":true}]}}