{"id":40613,"date":"2025-09-23T13:44:21","date_gmt":"2025-09-23T10:44:21","guid":{"rendered":"https:\/\/www.radiomarket.fi\/?post_type=product&#038;p=40613"},"modified":"2025-09-26T22:38:49","modified_gmt":"2025-09-26T19:38:49","slug":"ekum3023-philips-ula87-100","status":"publish","type":"product","link":"https:\/\/www.radiomarket.fi\/en\/kohde\/ekum3023-philips-ula87-100\/","title":{"rendered":"EKUM3023 Philips N5SF61V Suomessa valmistettu autoradio"},"content":{"rendered":"<p>Virtal\u00e4hdeosan mallitarra repeytynyt, mutta siit\u00e4 erottuu &#8220;&#8230;5SF..V&#8221;. Nupit puuttuvat. T\u00e4m\u00e4n mallista autoradiota on k\u00e4ytetty esim. Simca Elys\u00e9e -mallisessa autossa. T\u00e4st\u00e4 voidaan luopua, koska museokokoelmassa on sama siistikuntoinen nupillinen esine luettelointinumerolla RAPM2157.<br \/><br \/>6\/12V.<br \/><br \/>ULA 87-100, LW ja MW (pitk\u00e4t ja keskipitk\u00e4t)<\/p><p>Ei testattu. Ei tutkittu tarkemmin.\u00a0<\/p>","protected":false},"excerpt":{"rendered":"<p>Virtal\u00e4hdeosan mallitarra repeytynyt, mutta siit\u00e4 erottuu &#8220;&#8230;5SF..V&#8221;. Nupit puuttuvat. T\u00e4m\u00e4n mallista autoradiota on k\u00e4ytetty esim. Simca Elys\u00e9e -mallisessa autossa. T\u00e4st\u00e4 voidaan luopua, koska museokokoelmassa on sama siistikuntoinen nupillinen esine luettelointinumerolla RAPM2157.6\/12V.ULA 87-100, LW ja MW (pitk\u00e4t ja keskipitk\u00e4t)Ei testattu. Ei tutkittu tarkemmin.\u00a0<\/p>","protected":false},"featured_media":40614,"template":"","meta":[],"_links":{"self":[{"href":"https:\/\/www.radiomarket.fi\/en\/wp-json\/wp\/v2\/product\/40613"}],"collection":[{"href":"https:\/\/www.radiomarket.fi\/en\/wp-json\/wp\/v2\/product"}],"about":[{"href":"https:\/\/www.radiomarket.fi\/en\/wp-json\/wp\/v2\/types\/product"}],"wp:featuredmedia":[{"embeddable":true,"href":"https:\/\/www.radiomarket.fi\/en\/wp-json\/wp\/v2\/media\/40614"}],"wp:attachment":[{"href":"https:\/\/www.radiomarket.fi\/en\/wp-json\/wp\/v2\/media?parent=40613"}],"curies":[{"name":"wp","href":"https:\/\/api.w.org\/{rel}","templated":true}]}}