{"id":40661,"date":"2023-07-14T13:10:13","date_gmt":"2023-07-14T10:10:13","guid":{"rendered":"https:\/\/www.radiomarket.fi\/?post_type=product&#038;p=40661"},"modified":"2023-07-14T13:12:12","modified_gmt":"2023-07-14T10:12:12","slug":"ekum3027-philips-fx51747-562x163mm","status":"publish","type":"product","link":"https:\/\/www.radiomarket.fi\/en\/kohde\/ekum3027-philips-fx51747-562x163mm\/","title":{"rendered":"EKUM3027 Philips FX51747 562x163mm"},"content":{"rendered":"<p>Asteikkolasi tai -pleksi putkiradioon tms.<\/p><p>Lasin mitat otsikkorivill\u00e4<\/p><p>&nbsp;<\/p><p>&nbsp;<\/p>","protected":false},"excerpt":{"rendered":"<p>Suosittelemme asteikkolaseille s\u00e4rkyv\u00e4-lis\u00e4palvelua (ostettavissa tuotteena)<\/p>","protected":false},"featured_media":40662,"template":"","meta":[],"_links":{"self":[{"href":"https:\/\/www.radiomarket.fi\/en\/wp-json\/wp\/v2\/product\/40661"}],"collection":[{"href":"https:\/\/www.radiomarket.fi\/en\/wp-json\/wp\/v2\/product"}],"about":[{"href":"https:\/\/www.radiomarket.fi\/en\/wp-json\/wp\/v2\/types\/product"}],"wp:featuredmedia":[{"embeddable":true,"href":"https:\/\/www.radiomarket.fi\/en\/wp-json\/wp\/v2\/media\/40662"}],"wp:attachment":[{"href":"https:\/\/www.radiomarket.fi\/en\/wp-json\/wp\/v2\/media?parent=40661"}],"curies":[{"name":"wp","href":"https:\/\/api.w.org\/{rel}","templated":true}]}}