{"id":40880,"date":"2023-07-19T13:44:58","date_gmt":"2023-07-19T10:44:58","guid":{"rendered":"https:\/\/www.radiomarket.fi\/?post_type=product&#038;p=40880"},"modified":"2023-12-12T13:30:46","modified_gmt":"2023-12-12T11:30:46","slug":"ekus0233-radionette-rn118","status":"publish","type":"product","link":"https:\/\/www.radiomarket.fi\/en\/kohde\/ekus0233-radionette-rn118\/","title":{"rendered":"EKUS0233 Radionette RN118"},"content":{"rendered":"<p>Radionetten transistori-\/matkaradio. Antenni ehj\u00e4, muovi lohkeematon. Virtakytkinvika, volume potikka rohisee, tuning on j\u00e4ykk\u00e4, asteikkoviisari ei liiku ja edess\u00e4 on naarmu.<\/p><p>Ei testattu eik\u00e4 tutkittu tarkemmin.<\/p>","protected":false},"excerpt":{"rendered":"<p>Radionetten transistori-\/matkaradio. Antenni ehj\u00e4, muovi lohkeematon. Virtakytkinvika, volume potikka rohisee, tuning on j\u00e4ykk\u00e4, asteikkoviisari ei liiku ja edess\u00e4 on naarmu.Ei testattu eik\u00e4 tutkittu tarkemmin.<\/p>","protected":false},"featured_media":40881,"template":"","meta":[],"_links":{"self":[{"href":"https:\/\/www.radiomarket.fi\/en\/wp-json\/wp\/v2\/product\/40880"}],"collection":[{"href":"https:\/\/www.radiomarket.fi\/en\/wp-json\/wp\/v2\/product"}],"about":[{"href":"https:\/\/www.radiomarket.fi\/en\/wp-json\/wp\/v2\/types\/product"}],"wp:featuredmedia":[{"embeddable":true,"href":"https:\/\/www.radiomarket.fi\/en\/wp-json\/wp\/v2\/media\/40881"}],"wp:attachment":[{"href":"https:\/\/www.radiomarket.fi\/en\/wp-json\/wp\/v2\/media?parent=40880"}],"curies":[{"name":"wp","href":"https:\/\/api.w.org\/{rel}","templated":true}]}}