{"id":41050,"date":"2023-07-23T19:54:49","date_gmt":"2023-07-23T16:54:49","guid":{"rendered":"https:\/\/www.radiomarket.fi\/?post_type=product&#038;p=41050"},"modified":"2023-07-23T20:16:32","modified_gmt":"2023-07-23T17:16:32","slug":"ekum0530-cony-cn-20-telephonemitter-with-special-receiver-user-manual","status":"publish","type":"product","link":"https:\/\/www.radiomarket.fi\/en\/kohde\/ekum0530-cony-cn-20-telephonemitter-with-special-receiver-user-manual\/","title":{"rendered":"EKUM0530 Cony CN-20 Telephonemitter with special receiver user manual"},"content":{"rendered":"Japanese telephone line monitoring transmitter and one channel receiver. User manual.\r\n\r\nPDF-tiedosto sis\u00e4lt\u00e4\u00e4 s\u00e4hk\u00f6isess\u00e4 muodossa tuotetiedot ja k\u00e4ytt\u00f6ohjeen. Yhteens\u00e4 yksi A4-arkki. T\u00e4m\u00e4 ohje on toimitettu laitteen mukana, itse laite on Radio- ja puhelinmuseon kokoelmassa.\r\n\r\nTiedosto on ladattavissa maksun j\u00e4lkeen 14 vuorokautta ja 5 kertaa.","protected":false},"excerpt":{"rendered":"<p>Ladattava tiedosto.<\/p>","protected":false},"featured_media":0,"template":"","meta":[],"_links":{"self":[{"href":"https:\/\/www.radiomarket.fi\/en\/wp-json\/wp\/v2\/product\/41050"}],"collection":[{"href":"https:\/\/www.radiomarket.fi\/en\/wp-json\/wp\/v2\/product"}],"about":[{"href":"https:\/\/www.radiomarket.fi\/en\/wp-json\/wp\/v2\/types\/product"}],"wp:attachment":[{"href":"https:\/\/www.radiomarket.fi\/en\/wp-json\/wp\/v2\/media?parent=41050"}],"curies":[{"name":"wp","href":"https:\/\/api.w.org\/{rel}","templated":true}]}}