{"id":41337,"date":"2023-08-10T04:39:38","date_gmt":"2023-08-10T01:39:38","guid":{"rendered":"https:\/\/www.radiomarket.fi\/?post_type=product&#038;p=41337"},"modified":"2024-02-04T14:14:18","modified_gmt":"2024-02-04T12:14:18","slug":"ekun0104-televes-5351-mastovahvistin","status":"publish","type":"product","link":"https:\/\/www.radiomarket.fi\/en\/kohde\/ekun0104-televes-5351-mastovahvistin\/","title":{"rendered":"EKUN0104 Telev\u00e9s 5351 mastovahvistin"},"content":{"rendered":"<p>Poistettu k\u00e4yt\u00f6st\u00e4 ilmeisesti toimivana. Ei tutkittu tarkemmin.<\/p>","protected":false},"excerpt":{"rendered":"<p>Poistettu k\u00e4yt\u00f6st\u00e4 ilmeisesti toimivana. Ei tutkittu tarkemmin.<\/p>","protected":false},"featured_media":41341,"template":"","meta":[],"_links":{"self":[{"href":"https:\/\/www.radiomarket.fi\/en\/wp-json\/wp\/v2\/product\/41337"}],"collection":[{"href":"https:\/\/www.radiomarket.fi\/en\/wp-json\/wp\/v2\/product"}],"about":[{"href":"https:\/\/www.radiomarket.fi\/en\/wp-json\/wp\/v2\/types\/product"}],"wp:featuredmedia":[{"embeddable":true,"href":"https:\/\/www.radiomarket.fi\/en\/wp-json\/wp\/v2\/media\/41341"}],"wp:attachment":[{"href":"https:\/\/www.radiomarket.fi\/en\/wp-json\/wp\/v2\/media?parent=41337"}],"curies":[{"name":"wp","href":"https:\/\/api.w.org\/{rel}","templated":true}]}}