{"id":41358,"date":"2024-11-27T14:49:32","date_gmt":"2024-11-27T12:49:32","guid":{"rendered":"https:\/\/www.radiomarket.fi\/?post_type=product&#038;p=41358"},"modified":"2025-02-06T17:51:28","modified_gmt":"2025-02-06T15:51:28","slug":"ekum2632-philips-novosonic-puretaan","status":"publish","type":"product","link":"https:\/\/www.radiomarket.fi\/en\/kohde\/ekum2632-philips-novosonic-puretaan\/","title":{"rendered":"EKUM2632 Philips Novosonic B4SF72A puretaan"},"content":{"rendered":"<p>Bakeliittikuorinen putkiradio. Kaiutinelementti AD3700M (pieni reik\u00e4 pahvissa ja viimeinen mutteri nuljaantunut). Ep\u00e4keskot pikkunupit. Kokonaishinta t\u00e4st\u00e4 saatavien varaosien arvioitu yhteishinta. J\u00e4ljell\u00e4 my\u00f6s nupit, kotelon antenni, asteikkolasi FX51719.1 jossa kiinni s\u00e4vyns\u00e4\u00e4t\u00f6jen potentiometrit nuppeineen ja isompien reikien ymp\u00e4rill\u00e4 olevat kumitulpat. Kumitulpan koneiston puoleiset tassut katkaistu koneistoa purettaessa. Pohjalevy tallessa.<br \/><br \/>Puretaan lis\u00e4\u00e4 tai myyd\u00e4\u00e4n t\u00e4llaisenaan kokonaisuutena. Katso my\u00f6s EKUA0062 ja EKUA2030. Takalevy puuttuu, mutta malli luultavasti B4SF72A. Tupakoitu.<br \/><br \/><br \/><strong>Ainakin seuraavat osat puuttuvat \/ purettu \/ rikki:<\/strong><br \/><br \/>Ei takalevy\u00e4.<br \/>Kotelosta takaa yl\u00e4- ja alakulma lohjenneet. <br \/>Pistotulppa rikkoontunut (myyty koneiston mukana).<br \/>Kangas rispaantunut.<br \/>Putket poistettu kuvien oton j\u00e4lkeen.<br \/>Koneisto myyty varaosaksi kuvien oton j\u00e4lkeen.<br \/>Painonapit poistettu kuvien oton j\u00e4lkeen. T\u00e4h\u00e4n sopivaa painonappia tuotenumerolla EKUA1109.<br \/><br \/>Ei tutkittu tarkemmin.<\/p>","protected":false},"excerpt":{"rendered":"<p>Suosittelemme s\u00e4rkyv\u00e4 -lis\u00e4palvelua t\u00e4lle tuotekategorialle.<\/p>","protected":false},"featured_media":41362,"template":"","meta":[],"_links":{"self":[{"href":"https:\/\/www.radiomarket.fi\/en\/wp-json\/wp\/v2\/product\/41358"}],"collection":[{"href":"https:\/\/www.radiomarket.fi\/en\/wp-json\/wp\/v2\/product"}],"about":[{"href":"https:\/\/www.radiomarket.fi\/en\/wp-json\/wp\/v2\/types\/product"}],"wp:featuredmedia":[{"embeddable":true,"href":"https:\/\/www.radiomarket.fi\/en\/wp-json\/wp\/v2\/media\/41362"}],"wp:attachment":[{"href":"https:\/\/www.radiomarket.fi\/en\/wp-json\/wp\/v2\/media?parent=41358"}],"curies":[{"name":"wp","href":"https:\/\/api.w.org\/{rel}","templated":true}]}}