{"id":41364,"date":"2023-08-10T15:03:43","date_gmt":"2023-08-10T12:03:43","guid":{"rendered":"https:\/\/www.radiomarket.fi\/?post_type=product&#038;p=41364"},"modified":"2023-08-10T15:15:00","modified_gmt":"2023-08-10T12:15:00","slug":"ekum2633-philips-n4308-89","status":"publish","type":"product","link":"https:\/\/www.radiomarket.fi\/en\/kohde\/ekum2633-philips-n4308-89\/","title":{"rendered":"EKUM2633 Philips N4308\/89"},"content":{"rendered":"<p>Kelanauhuri. Lahjoittajan kertoman mukaan poistettu k\u00e4yt\u00f6st\u00e4 toimivana. Ei testattu meill\u00e4.<br \/><br \/><strong>Ainakin seuraavat osat puuttuvat \/ purettu \/ rikki:<\/strong><br \/><br \/>Kansi puuttuu.<br \/>Pohjasta puuttuu johtokotelon suojakansi.<br \/>\u00c4\u00e4nip\u00e4\u00e4suojan p\u00e4\u00e4ll\u00e4 ollut (hopeanv\u00e4rinen?) koriste\/tyyppikilpi puuttuu.<br \/><br \/>Ei tutkittu tarkemmin.<\/p>","protected":false},"excerpt":{"rendered":"<p>Kelanauhuri. Lahjoittajan kertoman mukaan poistettu k\u00e4yt\u00f6st\u00e4 toimivana. Ei testattu meill\u00e4.Ainakin seuraavat osat puuttuvat \/ purettu \/ rikki:Kansi puuttuu.Pohjasta puuttuu johtokotelon suojakansi.\u00c4\u00e4nip\u00e4\u00e4suojan p\u00e4\u00e4ll\u00e4 ollut (hopeanv\u00e4rinen?) koriste\/tyyppikilpi puuttuu.Ei tutkittu tarkemmin.<\/p>","protected":false},"featured_media":41367,"template":"","meta":[],"_links":{"self":[{"href":"https:\/\/www.radiomarket.fi\/en\/wp-json\/wp\/v2\/product\/41364"}],"collection":[{"href":"https:\/\/www.radiomarket.fi\/en\/wp-json\/wp\/v2\/product"}],"about":[{"href":"https:\/\/www.radiomarket.fi\/en\/wp-json\/wp\/v2\/types\/product"}],"wp:featuredmedia":[{"embeddable":true,"href":"https:\/\/www.radiomarket.fi\/en\/wp-json\/wp\/v2\/media\/41367"}],"wp:attachment":[{"href":"https:\/\/www.radiomarket.fi\/en\/wp-json\/wp\/v2\/media?parent=41364"}],"curies":[{"name":"wp","href":"https:\/\/api.w.org\/{rel}","templated":true}]}}