{"id":41386,"date":"2023-08-12T10:28:35","date_gmt":"2023-08-12T07:28:35","guid":{"rendered":"https:\/\/www.radiomarket.fi\/?post_type=product&#038;p=41386"},"modified":"2024-08-10T21:44:51","modified_gmt":"2024-08-10T18:44:51","slug":"ekum2634-hitachi-trk-p65-e-ii","status":"publish","type":"product","link":"https:\/\/www.radiomarket.fi\/en\/kohde\/ekum2634-hitachi-trk-p65-e-ii\/","title":{"rendered":"EKUM2634 Hitachi TRK-P65ER HUOLLETTU"},"content":{"rendered":"<p>Kasettisoitin huollettu. Vetohihnat vaihdettu. Kytkimet l\u00e4pik\u00e4yty. Antennin pidikkeess\u00e4 lohkeama ja yksi pienist\u00e4 painonapeista puuttuu.<br \/><br \/>Katso my\u00f6s EKUA1155 ja EKUA1155x. Painonapin voi saada n\u00e4ist\u00e4 varaosana.<\/p>","protected":false},"excerpt":{"rendered":"<p>Kasettisoitin huollettu. Vetohihnat vaihdettu. Kytkimet l\u00e4pik\u00e4yty. Antennin pidikkeess\u00e4 lohkeama ja yksi pienist\u00e4 painonapeista puuttuu.Katso my\u00f6s EKUA1155 ja EKUA1155x. Painonapin voi saada n\u00e4ist\u00e4 varaosana.<\/p>","protected":false},"featured_media":41426,"template":"","meta":[],"_links":{"self":[{"href":"https:\/\/www.radiomarket.fi\/en\/wp-json\/wp\/v2\/product\/41386"}],"collection":[{"href":"https:\/\/www.radiomarket.fi\/en\/wp-json\/wp\/v2\/product"}],"about":[{"href":"https:\/\/www.radiomarket.fi\/en\/wp-json\/wp\/v2\/types\/product"}],"wp:featuredmedia":[{"embeddable":true,"href":"https:\/\/www.radiomarket.fi\/en\/wp-json\/wp\/v2\/media\/41426"}],"wp:attachment":[{"href":"https:\/\/www.radiomarket.fi\/en\/wp-json\/wp\/v2\/media?parent=41386"}],"curies":[{"name":"wp","href":"https:\/\/api.w.org\/{rel}","templated":true}]}}