{"id":41388,"date":"2023-08-12T10:38:42","date_gmt":"2023-08-12T07:38:42","guid":{"rendered":"https:\/\/www.radiomarket.fi\/?post_type=product&#038;p=41388"},"modified":"2023-08-12T10:34:21","modified_gmt":"2023-08-12T07:34:21","slug":"ekus0240-prego-pa-208","status":"publish","type":"product","link":"https:\/\/www.radiomarket.fi\/en\/kohde\/ekus0240-prego-pa-208\/","title":{"rendered":"EKUS0240 Prego PA-208"},"content":{"rendered":"<p>Ei tule virtaa. Vasemmassa verkossa painumia, p\u00e4\u00e4ll\u00e4 naarmuja. Testattu verkkovirralla.<\/p><p>Ei tutkittu tarkemmin.\u00a0<\/p>","protected":false},"excerpt":{"rendered":"<p>Ei tule virtaa. Vasemmassa verkossa painumia, p\u00e4\u00e4ll\u00e4 naarmuja. Testattu verkkovirralla.Ei tutkittu tarkemmin.\u00a0<\/p>","protected":false},"featured_media":41390,"template":"","meta":[],"_links":{"self":[{"href":"https:\/\/www.radiomarket.fi\/en\/wp-json\/wp\/v2\/product\/41388"}],"collection":[{"href":"https:\/\/www.radiomarket.fi\/en\/wp-json\/wp\/v2\/product"}],"about":[{"href":"https:\/\/www.radiomarket.fi\/en\/wp-json\/wp\/v2\/types\/product"}],"wp:featuredmedia":[{"embeddable":true,"href":"https:\/\/www.radiomarket.fi\/en\/wp-json\/wp\/v2\/media\/41390"}],"wp:attachment":[{"href":"https:\/\/www.radiomarket.fi\/en\/wp-json\/wp\/v2\/media?parent=41388"}],"curies":[{"name":"wp","href":"https:\/\/api.w.org\/{rel}","templated":true}]}}