{"id":41574,"date":"2023-08-20T20:10:54","date_gmt":"2023-08-20T17:10:54","guid":{"rendered":"https:\/\/www.radiomarket.fi\/?post_type=product&#038;p=41574"},"modified":"2024-10-02T23:56:10","modified_gmt":"2024-10-02T20:56:10","slug":"ekub0484-nokia-2330c-2-kaytetty-toimii","status":"publish","type":"product","link":"https:\/\/www.radiomarket.fi\/en\/kohde\/ekub0484-nokia-2330c-2-kaytetty-toimii\/","title":{"rendered":"EKUB0484 Nokia 2330c-2 k\u00e4ytetty toimii"},"content":{"rendered":"K\u00e4yt\u00f6st\u00e4 j\u00e4\u00e4nyt Nokia Type RM-512 matkapuhelin. Malli tullut valmistukseen 2009 ja siit\u00e4 my\u00f6s kalenteri alkaa. Oikeassa reunassa pient\u00e4 karkeutta samoin kuin monivalintaneli\u00f6n kromauksessa vikaa, pinnat ja n\u00e4pp\u00e4imist\u00f6 hyv\u00e4t. Koesoitettu, akku n\u00e4ytti viikko koesoiton j\u00e4lkeen kolmea tolppaa uudelleen k\u00e4ynnistett\u00e4ess\u00e4. Vain k\u00e4ytetty puhelin akulla BL-5C, ei muita varusteita. Lataus pienikokoisella py\u00f6re\u00e4ll\u00e4 Nokia-liittimell\u00e4.","protected":false},"excerpt":{"rendered":"<p>Kirjetoimitustuotteita kannattaa ostaa kerralla useampikin, lis\u00e4tuote lis\u00e4\u00e4 postikuluja vain noin kymmenell\u00e4 sentill\u00e4. (2023 postimaksuilla).<\/p>","protected":false},"featured_media":41578,"template":"","meta":[],"_links":{"self":[{"href":"https:\/\/www.radiomarket.fi\/en\/wp-json\/wp\/v2\/product\/41574"}],"collection":[{"href":"https:\/\/www.radiomarket.fi\/en\/wp-json\/wp\/v2\/product"}],"about":[{"href":"https:\/\/www.radiomarket.fi\/en\/wp-json\/wp\/v2\/types\/product"}],"wp:featuredmedia":[{"embeddable":true,"href":"https:\/\/www.radiomarket.fi\/en\/wp-json\/wp\/v2\/media\/41578"}],"wp:attachment":[{"href":"https:\/\/www.radiomarket.fi\/en\/wp-json\/wp\/v2\/media?parent=41574"}],"curies":[{"name":"wp","href":"https:\/\/api.w.org\/{rel}","templated":true}]}}