{"id":41585,"date":"2023-09-29T10:53:24","date_gmt":"2023-09-29T07:53:24","guid":{"rendered":"https:\/\/www.radiomarket.fi\/?post_type=product&#038;p=41585"},"modified":"2023-09-28T13:06:24","modified_gmt":"2023-09-28T10:06:24","slug":"ekub0485-vga-bnc-kaapeli-2-metria-kuva-tulossa","status":"publish","type":"product","link":"https:\/\/www.radiomarket.fi\/en\/kohde\/ekub0485-vga-bnc-kaapeli-2-metria-kuva-tulossa\/","title":{"rendered":"EKUB0485 VGA-BNC-kaapeli 2 metri\u00e4"},"content":{"rendered":"K\u00e4yt\u00f6st\u00e4 j\u00e4\u00e4nyt noin kaksi metri\u00e4 pitk\u00e4 v\u00e4lijohto tietokoneen ja n\u00e4yt\u00f6n v\u00e4lille. VGA-BNC-johto, 2 m, VGA-RGB-kaapeli.","protected":false},"excerpt":{"rendered":"<p>Kirjetoimitustuotteita kannattaa ostaa kerralla useampikin, lis\u00e4tuote lis\u00e4\u00e4 postikuluja vain noin kymmenell\u00e4 sentill\u00e4. (2023 postimaksuilla).<\/p>","protected":false},"featured_media":41621,"template":"","meta":[],"_links":{"self":[{"href":"https:\/\/www.radiomarket.fi\/en\/wp-json\/wp\/v2\/product\/41585"}],"collection":[{"href":"https:\/\/www.radiomarket.fi\/en\/wp-json\/wp\/v2\/product"}],"about":[{"href":"https:\/\/www.radiomarket.fi\/en\/wp-json\/wp\/v2\/types\/product"}],"wp:featuredmedia":[{"embeddable":true,"href":"https:\/\/www.radiomarket.fi\/en\/wp-json\/wp\/v2\/media\/41621"}],"wp:attachment":[{"href":"https:\/\/www.radiomarket.fi\/en\/wp-json\/wp\/v2\/media?parent=41585"}],"curies":[{"name":"wp","href":"https:\/\/api.w.org\/{rel}","templated":true}]}}