{"id":41586,"date":"2023-08-22T11:31:13","date_gmt":"2023-08-22T08:31:13","guid":{"rendered":"https:\/\/www.radiomarket.fi\/?post_type=product&#038;p=41586"},"modified":"2023-08-22T18:40:36","modified_gmt":"2023-08-22T15:40:36","slug":"ekub0486-playstation-eye-kamera-kuvat-tulossa","status":"publish","type":"product","link":"https:\/\/www.radiomarket.fi\/en\/kohde\/ekub0486-playstation-eye-kamera-kuvat-tulossa\/","title":{"rendered":"EKUB0487 Logitech tietokonekamera"},"content":{"rendered":"Testaamaton USB-kamera. Liitett\u00e4ess\u00e4 USB-porttiin aloitti asennusohjelman, ei jatkettu pisemm\u00e4lle.","protected":false},"excerpt":{"rendered":"<p>Testaamaton USB-kamera. Liitett\u00e4ess\u00e4 USB-porttiin aloitti asennusohjelman, ei jatkettu pisemm\u00e4lle.<\/p>","protected":false},"featured_media":41622,"template":"","meta":[],"_links":{"self":[{"href":"https:\/\/www.radiomarket.fi\/en\/wp-json\/wp\/v2\/product\/41586"}],"collection":[{"href":"https:\/\/www.radiomarket.fi\/en\/wp-json\/wp\/v2\/product"}],"about":[{"href":"https:\/\/www.radiomarket.fi\/en\/wp-json\/wp\/v2\/types\/product"}],"wp:featuredmedia":[{"embeddable":true,"href":"https:\/\/www.radiomarket.fi\/en\/wp-json\/wp\/v2\/media\/41622"}],"wp:attachment":[{"href":"https:\/\/www.radiomarket.fi\/en\/wp-json\/wp\/v2\/media?parent=41586"}],"curies":[{"name":"wp","href":"https:\/\/api.w.org\/{rel}","templated":true}]}}