{"id":41642,"date":"2023-08-22T22:40:54","date_gmt":"2023-08-22T19:40:54","guid":{"rendered":"https:\/\/www.radiomarket.fi\/?post_type=product&#038;p=41642"},"modified":"2023-08-23T09:43:02","modified_gmt":"2023-08-23T06:43:02","slug":"ekum0541-comet-usc-4012-wo-791-ohjeet-tulossa","status":"publish","type":"product","link":"https:\/\/www.radiomarket.fi\/en\/kohde\/ekum0541-comet-usc-4012-wo-791-ohjeet-tulossa\/","title":{"rendered":"EKUM0541 Comet USC-4012\/WO 791 ohjeet"},"content":{"rendered":"K\u00e4ytt\u00f6ohje suomeksi ja kytkent\u00e4kaavio.","protected":false},"excerpt":{"rendered":"<p>K\u00e4ytt\u00f6ohje suomeksi ja kytkent\u00e4kaavio.<\/p>","protected":false},"featured_media":41643,"template":"","meta":[],"_links":{"self":[{"href":"https:\/\/www.radiomarket.fi\/en\/wp-json\/wp\/v2\/product\/41642"}],"collection":[{"href":"https:\/\/www.radiomarket.fi\/en\/wp-json\/wp\/v2\/product"}],"about":[{"href":"https:\/\/www.radiomarket.fi\/en\/wp-json\/wp\/v2\/types\/product"}],"wp:featuredmedia":[{"embeddable":true,"href":"https:\/\/www.radiomarket.fi\/en\/wp-json\/wp\/v2\/media\/41643"}],"wp:attachment":[{"href":"https:\/\/www.radiomarket.fi\/en\/wp-json\/wp\/v2\/media?parent=41642"}],"curies":[{"name":"wp","href":"https:\/\/api.w.org\/{rel}","templated":true}]}}