{"id":41736,"date":"2023-08-24T15:26:53","date_gmt":"2023-08-24T12:26:53","guid":{"rendered":"https:\/\/www.radiomarket.fi\/?post_type=product&#038;p=41736"},"modified":"2023-10-06T15:59:09","modified_gmt":"2023-10-06T12:59:09","slug":"ekum2869-34-ohmia-36x9cm-kaiutinelementti","status":"publish","type":"product","link":"https:\/\/www.radiomarket.fi\/en\/kohde\/ekum2869-34-ohmia-36x9cm-kaiutinelementti\/","title":{"rendered":"EKUM2869 3,4 ohmia 36x9cm Luxor Senorita kaiutinelementti"},"content":{"rendered":"<p>Vaikuttaa kuvien perusteella samalta kuin Luxor Senorita 3696W -radion kaiutinelementti. Ennen tilausta asiakkaan on hyv\u00e4 varmistaa kuitenkin fyysiset mitat.<br \/><br \/>P\u00e4\u00e4s\u00e4\u00e4nt\u00f6isesti k\u00e4ytettyj\u00e4 kaiutinelementtej\u00e4. EKUA15, EKUM10, EKUM12, EKUM14, EKUM28, EKUS12 ja LARS03 -alkuisilla tuotenumeroilla olevat kaiutinelementit on testattu yleismittarilla ja otsikossa mainittu impedanssi on mitattu. Mitattu impedanssi saattaa poiketa kaiuttimeen merkityst\u00e4 kuvassa n\u00e4kyv\u00e4st\u00e4 impedanssista. Kaiutinelementtej\u00e4 ei ole soittotestattu. Otsikossa mainitut mitat ovat elementin \u00e4\u00e4rimittoja tai halkaisija, tai joissain tapauksissa kaiuttimen kiinnityslevyn mittoja.<\/p><p>&nbsp;<\/p><p>&nbsp;<\/p>","protected":false},"excerpt":{"rendered":"<p>Vaikuttaa kuvien perusteella samalta kuin Luxor Senorita 3696W -radion kaiutinelementti. Ennen tilausta asiakkaan on hyv\u00e4 varmistaa kuitenkin fyysiset mitat.P\u00e4\u00e4s\u00e4\u00e4nt\u00f6isesti k\u00e4ytettyj\u00e4 kaiutinelementtej\u00e4. EKUA15, EKUM10, EKUM12, EKUM14, EKUM28, EKUS12 ja LARS03 -alkuisilla tuotenumeroilla olevat kaiutinelementit on testattu yleismittarilla ja otsikossa mainittu impedanssi on mitattu. Mitattu impedanssi saattaa poiketa kaiuttimeen merkityst\u00e4 kuvassa n\u00e4kyv\u00e4st\u00e4 impedanssista. Kaiutinelementtej\u00e4 ei ole soittotestattu. &hellip;<\/p>\n<p class=\"read-more\"> <a class=\"thunk-readmore button\" href=\"https:\/\/www.radiomarket.fi\/en\/kohde\/ekum2869-34-ohmia-36x9cm-kaiutinelementti\/\"> <span class=\"screen-reader-text\">EKUM2869 3,4 ohmia 36x9cm Luxor Senorita kaiutinelementti<\/span>Read More<\/a><\/p>","protected":false},"featured_media":41731,"template":"","meta":[],"_links":{"self":[{"href":"https:\/\/www.radiomarket.fi\/en\/wp-json\/wp\/v2\/product\/41736"}],"collection":[{"href":"https:\/\/www.radiomarket.fi\/en\/wp-json\/wp\/v2\/product"}],"about":[{"href":"https:\/\/www.radiomarket.fi\/en\/wp-json\/wp\/v2\/types\/product"}],"wp:featuredmedia":[{"embeddable":true,"href":"https:\/\/www.radiomarket.fi\/en\/wp-json\/wp\/v2\/media\/41731"}],"wp:attachment":[{"href":"https:\/\/www.radiomarket.fi\/en\/wp-json\/wp\/v2\/media?parent=41736"}],"curies":[{"name":"wp","href":"https:\/\/api.w.org\/{rel}","templated":true}]}}