{"id":41753,"date":"2026-03-26T02:44:17","date_gmt":"2026-03-26T00:44:17","guid":{"rendered":"https:\/\/www.radiomarket.fi\/?post_type=product&#038;p=41753"},"modified":"2026-03-26T18:39:25","modified_gmt":"2026-03-26T16:39:25","slug":"ekun1601-kirja-g-a-gripenberg-diplomaatin-arkipaiva","status":"publish","type":"product","link":"https:\/\/www.radiomarket.fi\/en\/kohde\/ekun1601-kirja-g-a-gripenberg-diplomaatin-arkipaiva\/","title":{"rendered":"EKUN1601 kirja G.A. Gripenberg: Diplomaatin arkip\u00e4iv\u00e4"},"content":{"rendered":"<div class=\"page-title-wrapper product\">\u00a0<\/div><div class=\"prices-tier-container\">\u00a0<\/div><div class=\"product-social-links\"><div class=\"product-addto-links\" data-role=\"add-to-links\">\u00a0<\/div><\/div><div class=\"additional-attributes-wrapper table-wrapper\"><table id=\"product-attribute-specs-table\" class=\"data table additional-attributes\"><caption class=\"table-caption\">\u00a0<\/caption><tbody><tr><th class=\"col label\" scope=\"row\">Hakusanat<\/th><td class=\"col data\" data-th=\"Tuoteryhm\u00e4\"><ul class=\"category-list\"><li>Tietokirjallisuus &gt; Yhteiskunta, politiikka<\/li><li>Kaunokirjallisuus &gt; El\u00e4m\u00e4kerrat, muistelmat<\/li><li>Yhteiskunta, politiikka &gt; El\u00e4m\u00e4kerrat<\/li><\/ul><\/td><\/tr><tr><th class=\"col label\" scope=\"row\">Tekij\u00e4<\/th><td class=\"col data\" data-th=\"Tekij\u00e4\">G.A. Gripenberg<\/td><\/tr><tr><th class=\"col label\" scope=\"row\">Teoksen nimi<\/th><td class=\"col data\" data-th=\"Teoksen nimi\">Diplomaatin arkip\u00e4iv\u00e4<\/td><\/tr><tr><th class=\"col label\" scope=\"row\">Kustantaja<\/th><td class=\"col data\" data-th=\"Kustantaja\">WSOY<\/td><\/tr><tr><th class=\"col label\" scope=\"row\">Painovuosi<\/th><td class=\"col data\" data-th=\"Painovuosi\">1965<\/td><\/tr><tr><th class=\"col label\" scope=\"row\">Painos<\/th><td class=\"col data\" data-th=\"Painos\">&#8211;<\/td><\/tr><tr><th class=\"col label\" scope=\"row\">Sidonta<\/th><td class=\"col data\" data-th=\"Sidonta\">Sidottu kansipaperein (kovakantinen)<\/td><\/tr><tr><th class=\"col label\" scope=\"row\">Sivum\u00e4\u00e4r\u00e4<\/th><td class=\"col data\" data-th=\"Sivum\u00e4\u00e4r\u00e4\">263<\/td><\/tr><tr><th class=\"col label\" scope=\"row\">Alkuteos<\/th><td class=\"col data\" data-th=\"Alkuteos\">Diplomatisk vardag<\/td><\/tr><tr><th class=\"col label\" scope=\"row\">Kieli<\/th><td class=\"col data\" data-th=\"Kieli\">suomi<\/td><\/tr><tr><th class=\"col label\" scope=\"row\">Muut tekij\u00e4t<\/th><td class=\"col data\" data-th=\"Muut tekij\u00e4t\">Tauno Kuosa<\/td><\/tr><tr><th class=\"col label\" scope=\"row\">Kuntoluokitus (K1-K5)<\/th><td class=\"col data\" data-th=\"Kuntoluokitus (K1-K5)\">K3 (hyv\u00e4)<\/td><\/tr><tr><th class=\"col label\" scope=\"row\">ISBN<\/th><td class=\"col data\" data-th=\"Kansipaperin kunto\">&#8211;<\/td><\/tr><tr><th class=\"col label\" scope=\"row\">Muuta<\/th><td class=\"col data\" data-th=\"Muuta\">Kirjaston poistokirja. Kirjaston merkinn\u00e4t ja leimat ym. Sidonta irronnut kahden viimeisen sivun kohdalta. Ei irtolehti\u00e4.<\/td><\/tr><tr><th class=\"col label\" scope=\"row\">Korkeus (mm)<\/th><td class=\"col data\" data-th=\"Korkeus (mm)\">200<\/td><\/tr><tr><th class=\"col label\" scope=\"row\">Syvyys (mm)<\/th><td class=\"col data\" data-th=\"Syvyys (mm)\">128<\/td><\/tr><tr><th class=\"col label\" scope=\"row\">Paksuus (mm)<\/th><td class=\"col data\" data-th=\"Paksuus (mm)\">27<\/td><\/tr><tr><th class=\"col label\" scope=\"row\">Paino (g)<\/th><td class=\"col data\" data-th=\"Paino (g)\">372<\/td><\/tr><tr><th class=\"col label\" scope=\"row\">Toimitusluokka<\/th><td class=\"col data\" data-th=\"Verokanta\">kirje<\/td><\/tr><\/tbody><\/table><p>Varmistathan tietojen oikeellisuuden myyj\u00e4lt\u00e4.<\/p><\/div>","protected":false},"excerpt":{"rendered":"<p>Kirjetoimitusluokan tuotteita samaan tilaukseen yhdistett\u00e4ess\u00e4 lis\u00e4tuotteet nostavat perustoimituskulua vain joitakin kymmeni\u00e4 senttej\u00e4 (vuoden 2023 postin hinnoittelun mukaan).<\/p>","protected":false},"featured_media":41758,"template":"","meta":[],"_links":{"self":[{"href":"https:\/\/www.radiomarket.fi\/en\/wp-json\/wp\/v2\/product\/41753"}],"collection":[{"href":"https:\/\/www.radiomarket.fi\/en\/wp-json\/wp\/v2\/product"}],"about":[{"href":"https:\/\/www.radiomarket.fi\/en\/wp-json\/wp\/v2\/types\/product"}],"wp:featuredmedia":[{"embeddable":true,"href":"https:\/\/www.radiomarket.fi\/en\/wp-json\/wp\/v2\/media\/41758"}],"wp:attachment":[{"href":"https:\/\/www.radiomarket.fi\/en\/wp-json\/wp\/v2\/media?parent=41753"}],"curies":[{"name":"wp","href":"https:\/\/api.w.org\/{rel}","templated":true}]}}