{"id":41755,"date":"2023-08-25T11:11:06","date_gmt":"2023-08-25T08:11:06","guid":{"rendered":"https:\/\/www.radiomarket.fi\/?post_type=product&#038;p=41755"},"modified":"2024-05-13T19:18:02","modified_gmt":"2024-05-13T16:18:02","slug":"ekub0492-ericsson-lv301-lv302-piiska-antenni-kuvat-tulossa","status":"publish","type":"product","link":"https:\/\/www.radiomarket.fi\/en\/kohde\/ekub0492-ericsson-lv301-lv302-piiska-antenni-kuvat-tulossa\/","title":{"rendered":"EKUB0492 Ericsson LV301\/LV302 piiska-antenni"},"content":{"rendered":"Priiman n\u00e4k\u00f6inen antenni Topi ja Tyko-radioihin.","protected":false},"excerpt":{"rendered":"<p>Priiman n\u00e4k\u00f6inen antenni Topi ja Tyko-radioihin.<\/p>","protected":false},"featured_media":41816,"template":"","meta":[],"_links":{"self":[{"href":"https:\/\/www.radiomarket.fi\/en\/wp-json\/wp\/v2\/product\/41755"}],"collection":[{"href":"https:\/\/www.radiomarket.fi\/en\/wp-json\/wp\/v2\/product"}],"about":[{"href":"https:\/\/www.radiomarket.fi\/en\/wp-json\/wp\/v2\/types\/product"}],"wp:featuredmedia":[{"embeddable":true,"href":"https:\/\/www.radiomarket.fi\/en\/wp-json\/wp\/v2\/media\/41816"}],"wp:attachment":[{"href":"https:\/\/www.radiomarket.fi\/en\/wp-json\/wp\/v2\/media?parent=41755"}],"curies":[{"name":"wp","href":"https:\/\/api.w.org\/{rel}","templated":true}]}}