{"id":41756,"date":"2023-08-25T11:26:21","date_gmt":"2023-08-25T08:26:21","guid":{"rendered":"https:\/\/www.radiomarket.fi\/?post_type=product&#038;p=41756"},"modified":"2023-08-25T21:46:41","modified_gmt":"2023-08-25T18:46:41","slug":"ekub0493-ericsson-lv301-lv302-antennijatke-kuvat-tulossa-kopio","status":"publish","type":"product","link":"https:\/\/www.radiomarket.fi\/en\/kohde\/ekub0493-ericsson-lv301-lv302-antennijatke-kuvat-tulossa-kopio\/","title":{"rendered":"EKUB0493 Ericsson LV301\/LV302 antennijatke"},"content":{"rendered":"Antenniosa Topi ja Tyko-radioihin. Maalissa pieni\u00e4 k\u00e4yt\u00f6n j\u00e4lki\u00e4.","protected":false},"excerpt":{"rendered":"<p>Antenniosa Topi ja Tyko-radioihin. Maalissa pieni\u00e4 k\u00e4yt\u00f6n j\u00e4lki\u00e4.<\/p>","protected":false},"featured_media":41818,"template":"","meta":[],"_links":{"self":[{"href":"https:\/\/www.radiomarket.fi\/en\/wp-json\/wp\/v2\/product\/41756"}],"collection":[{"href":"https:\/\/www.radiomarket.fi\/en\/wp-json\/wp\/v2\/product"}],"about":[{"href":"https:\/\/www.radiomarket.fi\/en\/wp-json\/wp\/v2\/types\/product"}],"wp:featuredmedia":[{"embeddable":true,"href":"https:\/\/www.radiomarket.fi\/en\/wp-json\/wp\/v2\/media\/41818"}],"wp:attachment":[{"href":"https:\/\/www.radiomarket.fi\/en\/wp-json\/wp\/v2\/media?parent=41756"}],"curies":[{"name":"wp","href":"https:\/\/api.w.org\/{rel}","templated":true}]}}