{"id":41757,"date":"2023-08-25T11:57:11","date_gmt":"2023-08-25T08:57:11","guid":{"rendered":"https:\/\/www.radiomarket.fi\/?post_type=product&#038;p=41757"},"modified":"2023-08-31T10:07:28","modified_gmt":"2023-08-31T07:07:28","slug":"ekub0494-ibm-verkkolaite-kuvat-tulossa","status":"publish","type":"product","link":"https:\/\/www.radiomarket.fi\/en\/kohde\/ekub0494-ibm-verkkolaite-kuvat-tulossa\/","title":{"rendered":"EKUB0494 IBM verkkolaite 16V 4,5A AC adapter"},"content":{"rendered":"P\/N:92P1014 FRU P\/N:93P5014 L\u00e4pp\u00e4rin laturi 16 volttia 4,5 ampeeria.T\u00e4m\u00e4 verkkolaite IBM ThinkPad T43:sta. Hintaan ei sis\u00e4lly muuntajan ja pistorasian v\u00e4list\u00e4 verkkojohtoa. Tarvitessasi tiedustele powerin verkkojohtoa erikseen.","protected":false},"excerpt":{"rendered":"<p>Kirjetoimitustuotteita kannattaa ostaa kerralla useampikin, lis\u00e4tuote lis\u00e4\u00e4 postikuluja vain noin kymmenell\u00e4 sentill\u00e4. (8\/2023 postimaksuilla).<\/p>","protected":false},"featured_media":41822,"template":"","meta":[],"_links":{"self":[{"href":"https:\/\/www.radiomarket.fi\/en\/wp-json\/wp\/v2\/product\/41757"}],"collection":[{"href":"https:\/\/www.radiomarket.fi\/en\/wp-json\/wp\/v2\/product"}],"about":[{"href":"https:\/\/www.radiomarket.fi\/en\/wp-json\/wp\/v2\/types\/product"}],"wp:featuredmedia":[{"embeddable":true,"href":"https:\/\/www.radiomarket.fi\/en\/wp-json\/wp\/v2\/media\/41822"}],"wp:attachment":[{"href":"https:\/\/www.radiomarket.fi\/en\/wp-json\/wp\/v2\/media?parent=41757"}],"curies":[{"name":"wp","href":"https:\/\/api.w.org\/{rel}","templated":true}]}}