{"id":41798,"date":"2023-08-25T16:28:05","date_gmt":"2023-08-25T13:28:05","guid":{"rendered":"https:\/\/www.radiomarket.fi\/?post_type=product&#038;p=41798"},"modified":"2023-08-25T16:32:10","modified_gmt":"2023-08-25T13:32:10","slug":"lars0023-luxor-type-110-9119-soiva-radio-ekus","status":"publish","type":"product","link":"https:\/\/www.radiomarket.fi\/en\/kohde\/lars0023-luxor-type-110-9119-soiva-radio-ekus\/","title":{"rendered":"LARS0023 Luxor Type 110 9119 soiva radio (EKUS)"},"content":{"rendered":"<p>Testattu verkkovirralla 8\/2023. ULA soi, kasetti kelaa hetken taakse tyhj\u00e4n\u00e4 ja pys\u00e4htyy. Ei toista eik\u00e4 kelaa eteen. Antennin huippu puuttuu. Paristokotelossa ruostetta jousessa. Ei tutkittu tarkemmin<br \/><br \/>Ei tutkittu tarkemmin.<br \/><br \/><strong>Rikkoontuneita \/ poistettuja osia ainakin seuraavat:<\/strong><br \/><br \/>-Antennin huippu puuttuu<br \/><br \/>Muitakin osia saattaa puuttua, ei tutkittu tarkemmin. Tarkistathan tietojen oikeellisuuden myyj\u00e4lt\u00e4.<br \/><br \/><\/p>","protected":false},"excerpt":{"rendered":"<p>Testattu verkkovirralla 8\/2023. ULA soi, kasetti kelaa hetken taakse tyhj\u00e4n\u00e4 ja pys\u00e4htyy. Ei toista eik\u00e4 kelaa eteen. Antennin huippu puuttuu. Paristokotelossa ruostetta jousessa. Ei tutkittu tarkemminEi tutkittu tarkemmin.Rikkoontuneita \/ poistettuja osia ainakin seuraavat:-Antennin huippu puuttuuMuitakin osia saattaa puuttua, ei tutkittu tarkemmin. Tarkistathan tietojen oikeellisuuden myyj\u00e4lt\u00e4.<\/p>","protected":false},"featured_media":41799,"template":"","meta":[],"_links":{"self":[{"href":"https:\/\/www.radiomarket.fi\/en\/wp-json\/wp\/v2\/product\/41798"}],"collection":[{"href":"https:\/\/www.radiomarket.fi\/en\/wp-json\/wp\/v2\/product"}],"about":[{"href":"https:\/\/www.radiomarket.fi\/en\/wp-json\/wp\/v2\/types\/product"}],"wp:featuredmedia":[{"embeddable":true,"href":"https:\/\/www.radiomarket.fi\/en\/wp-json\/wp\/v2\/media\/41799"}],"wp:attachment":[{"href":"https:\/\/www.radiomarket.fi\/en\/wp-json\/wp\/v2\/media?parent=41798"}],"curies":[{"name":"wp","href":"https:\/\/api.w.org\/{rel}","templated":true}]}}