{"id":41840,"date":"2023-08-26T11:50:19","date_gmt":"2023-08-26T08:50:19","guid":{"rendered":"https:\/\/www.radiomarket.fi\/?post_type=product&#038;p=41840"},"modified":"2023-08-26T11:53:23","modified_gmt":"2023-08-26T08:53:23","slug":"lars0077-korting-transmare-stereo-1000l","status":"publish","type":"product","link":"https:\/\/www.radiomarket.fi\/en\/kohde\/lars0077-korting-transmare-stereo-1000l\/","title":{"rendered":"LARS0077 K\u00f6rting Transmare Stereo 1000L"},"content":{"rendered":"<p>P\u00e4\u00e4ll\u00e4 juomalasin tai -t\u00f6lkin j\u00e4lki. Ei tutkittu tarkemmin.<br \/><br \/>Katso my\u00f6s EKUA2236.<\/p>","protected":false},"excerpt":{"rendered":"<p>P\u00e4\u00e4ll\u00e4 juomalasin tai -t\u00f6lkin j\u00e4lki. Ei tutkittu tarkemmin.Katso my\u00f6s EKUA2236.<\/p>","protected":false},"featured_media":41843,"template":"","meta":[],"_links":{"self":[{"href":"https:\/\/www.radiomarket.fi\/en\/wp-json\/wp\/v2\/product\/41840"}],"collection":[{"href":"https:\/\/www.radiomarket.fi\/en\/wp-json\/wp\/v2\/product"}],"about":[{"href":"https:\/\/www.radiomarket.fi\/en\/wp-json\/wp\/v2\/types\/product"}],"wp:featuredmedia":[{"embeddable":true,"href":"https:\/\/www.radiomarket.fi\/en\/wp-json\/wp\/v2\/media\/41843"}],"wp:attachment":[{"href":"https:\/\/www.radiomarket.fi\/en\/wp-json\/wp\/v2\/media?parent=41840"}],"curies":[{"name":"wp","href":"https:\/\/api.w.org\/{rel}","templated":true}]}}