{"id":42028,"date":"2023-08-30T19:09:58","date_gmt":"2023-08-30T16:09:58","guid":{"rendered":"https:\/\/www.radiomarket.fi\/?post_type=product&#038;p=42028"},"modified":"2023-09-13T10:49:34","modified_gmt":"2023-09-13T07:49:34","slug":"lars0083-ekenas-radiotjanst-mikseri","status":"publish","type":"product","link":"https:\/\/www.radiomarket.fi\/en\/kohde\/lars0083-ekenas-radiotjanst-mikseri\/","title":{"rendered":"LARS0083 Eken\u00e4s Radiotj\u00e4nst mikseri"},"content":{"rendered":"<p>Kotimaista siisti\u00e4 k\u00e4sity\u00f6t\u00e4 \/ piensarjavalmistetta. Ainakin yksi liukus\u00e4\u00e4din puuttuu. Ei tutkittu tarkemmin.<\/p>","protected":false},"excerpt":{"rendered":"<p>Kotimaista siisti\u00e4 k\u00e4sity\u00f6t\u00e4 \/ piensarjavalmistetta. Ainakin yksi liukus\u00e4\u00e4din puuttuu. Ei tutkittu tarkemmin.<\/p>","protected":false},"featured_media":42022,"template":"","meta":[],"_links":{"self":[{"href":"https:\/\/www.radiomarket.fi\/en\/wp-json\/wp\/v2\/product\/42028"}],"collection":[{"href":"https:\/\/www.radiomarket.fi\/en\/wp-json\/wp\/v2\/product"}],"about":[{"href":"https:\/\/www.radiomarket.fi\/en\/wp-json\/wp\/v2\/types\/product"}],"wp:featuredmedia":[{"embeddable":true,"href":"https:\/\/www.radiomarket.fi\/en\/wp-json\/wp\/v2\/media\/42022"}],"wp:attachment":[{"href":"https:\/\/www.radiomarket.fi\/en\/wp-json\/wp\/v2\/media?parent=42028"}],"curies":[{"name":"wp","href":"https:\/\/api.w.org\/{rel}","templated":true}]}}