{"id":42065,"date":"2023-09-01T08:37:13","date_gmt":"2023-09-01T05:37:13","guid":{"rendered":"https:\/\/www.radiomarket.fi\/?post_type=product&#038;p=42065"},"modified":"2023-10-03T18:45:27","modified_gmt":"2023-10-03T15:45:27","slug":"ekun0108-juventus-del-piero-pelipaita-xl-koko","status":"publish","type":"product","link":"https:\/\/www.radiomarket.fi\/en\/kohde\/ekun0108-juventus-del-piero-pelipaita-xl-koko\/","title":{"rendered":"EKUN0108 Juventus &#8220;Del Piero 10&#8221; pelipaita XL-koko"},"content":{"rendered":"<p>Serie A:n uusi kausi on startannut taas. Uuteen kauteen tsemppaamaan t\u00e4ll\u00e4 paidalla.\u00a0<\/p><p>Made in Italy. Pesulapussa sen verran j\u00e4lke\u00e4, ett\u00e4 myyd\u00e4\u00e4n k\u00e4ytettyn\u00e4 paitana. Edess\u00e4 jotain likaa, joka saattanut synty\u00e4 varastoinnissakin.<\/p>","protected":false},"excerpt":{"rendered":"<p>Serie A:n uusi kausi on startannut taas. Uuteen kauteen tsemppaamaan t\u00e4ll\u00e4 paidalla.\u00a0Made in Italy. Pesulapussa sen verran j\u00e4lke\u00e4, ett\u00e4 myyd\u00e4\u00e4n k\u00e4ytettyn\u00e4 paitana. Edess\u00e4 jotain likaa, joka saattanut synty\u00e4 varastoinnissakin.<\/p>","protected":false},"featured_media":42069,"template":"","meta":[],"_links":{"self":[{"href":"https:\/\/www.radiomarket.fi\/en\/wp-json\/wp\/v2\/product\/42065"}],"collection":[{"href":"https:\/\/www.radiomarket.fi\/en\/wp-json\/wp\/v2\/product"}],"about":[{"href":"https:\/\/www.radiomarket.fi\/en\/wp-json\/wp\/v2\/types\/product"}],"wp:featuredmedia":[{"embeddable":true,"href":"https:\/\/www.radiomarket.fi\/en\/wp-json\/wp\/v2\/media\/42069"}],"wp:attachment":[{"href":"https:\/\/www.radiomarket.fi\/en\/wp-json\/wp\/v2\/media?parent=42065"}],"curies":[{"name":"wp","href":"https:\/\/api.w.org\/{rel}","templated":true}]}}