{"id":42128,"date":"2023-09-02T19:42:05","date_gmt":"2023-09-02T16:42:05","guid":{"rendered":"https:\/\/www.radiomarket.fi\/?post_type=product&#038;p=42128"},"modified":"2024-07-08T13:29:47","modified_gmt":"2024-07-08T10:29:47","slug":"ekub0500-kaksoissahkorasian-peittolevy-1960-luku","status":"publish","type":"product","link":"https:\/\/www.radiomarket.fi\/en\/kohde\/ekub0500-kaksoissahkorasian-peittolevy-1960-luku\/","title":{"rendered":"EKUB0500 kaksoiss\u00e4hk\u00f6rasian peittolevy 1960-luku"},"content":{"rendered":"<p>Kaksireik\u00e4inen k\u00e4ytetty peittolevy. Suomen yleisint\u00e4 1960-luvun uppoasennusmallia.<\/p>","protected":false},"excerpt":{"rendered":"<p>Kirjetoimitustuotteita kannattaa ostaa kerralla useampikin, lis\u00e4tuote lis\u00e4\u00e4 postikuluja vain noin kymmenell\u00e4 sentill\u00e4. (8\/2023 postimaksuilla).<\/p>","protected":false},"featured_media":42130,"template":"","meta":[],"_links":{"self":[{"href":"https:\/\/www.radiomarket.fi\/en\/wp-json\/wp\/v2\/product\/42128"}],"collection":[{"href":"https:\/\/www.radiomarket.fi\/en\/wp-json\/wp\/v2\/product"}],"about":[{"href":"https:\/\/www.radiomarket.fi\/en\/wp-json\/wp\/v2\/types\/product"}],"wp:featuredmedia":[{"embeddable":true,"href":"https:\/\/www.radiomarket.fi\/en\/wp-json\/wp\/v2\/media\/42130"}],"wp:attachment":[{"href":"https:\/\/www.radiomarket.fi\/en\/wp-json\/wp\/v2\/media?parent=42128"}],"curies":[{"name":"wp","href":"https:\/\/api.w.org\/{rel}","templated":true}]}}