{"id":42170,"date":"2023-09-05T20:34:48","date_gmt":"2023-09-05T17:34:48","guid":{"rendered":"https:\/\/www.radiomarket.fi\/?post_type=product&#038;p=42170"},"modified":"2025-08-15T15:56:43","modified_gmt":"2025-08-15T12:56:43","slug":"ekub0504-demolux-250w","status":"publish","type":"product","link":"https:\/\/www.radiomarket.fi\/en\/kohde\/ekub0504-demolux-250w\/","title":{"rendered":"EKUB0504 Demolux 250W"},"content":{"rendered":"Hyv\u00e4kuntoinen toimiva piirtoheitin ja k\u00e4ytt\u00e4m\u00e4t\u00f6n varalamppu. Postitettaessa emme takaa k\u00e4ytetyn polttimon kest\u00e4v\u00e4n ehyen\u00e4 perille. Laitteen l\u00e4hikuvassa erottuu himme\u00e4 omistuskaiverrus.","protected":false},"excerpt":{"rendered":"<p>Hyv\u00e4kuntoinen toimiva piirtoheitin ja k\u00e4ytt\u00e4m\u00e4t\u00f6n varalamppu. Postitettaessa emme takaa k\u00e4ytetyn polttimon kest\u00e4v\u00e4n ehyen\u00e4 perille. Laitteen l\u00e4hikuvassa erottuu himme\u00e4 omistuskaiverrus.<\/p>","protected":false},"featured_media":42173,"template":"","meta":[],"_links":{"self":[{"href":"https:\/\/www.radiomarket.fi\/en\/wp-json\/wp\/v2\/product\/42170"}],"collection":[{"href":"https:\/\/www.radiomarket.fi\/en\/wp-json\/wp\/v2\/product"}],"about":[{"href":"https:\/\/www.radiomarket.fi\/en\/wp-json\/wp\/v2\/types\/product"}],"wp:featuredmedia":[{"embeddable":true,"href":"https:\/\/www.radiomarket.fi\/en\/wp-json\/wp\/v2\/media\/42173"}],"wp:attachment":[{"href":"https:\/\/www.radiomarket.fi\/en\/wp-json\/wp\/v2\/media?parent=42170"}],"curies":[{"name":"wp","href":"https:\/\/api.w.org\/{rel}","templated":true}]}}