{"id":42410,"date":"2023-09-22T21:35:38","date_gmt":"2023-09-22T18:35:38","guid":{"rendered":"https:\/\/www.radiomarket.fi\/?post_type=product&#038;p=42410"},"modified":"2023-09-26T12:15:22","modified_gmt":"2023-09-26T09:15:22","slug":"ekub0507-philips-f9216-3-way-kolmitiekaiutin","status":"publish","type":"product","link":"https:\/\/www.radiomarket.fi\/en\/kohde\/ekub0507-philips-f9216-3-way-kolmitiekaiutin\/","title":{"rendered":"EKUB0507 Philips F9216 3 WAY kolmitiekaiutin"},"content":{"rendered":"Pariton stereoj\u00e4rjestelm\u00e4kaiutin 8 ohmia. Yhdess\u00e4 kulmassa palkeenkieli vinyyliss\u00e4, yhdess\u00e4 reunassa selv\u00e4 kosteusj\u00e4lki (turvonnut, katso kuvat my\u00f6s muut reunat). Viat arvioitu kohtuuvaivalla peitett\u00e4viksi. Johtoa pari-kolme metri\u00e4, ei liitint\u00e4.","protected":false},"excerpt":{"rendered":"<p>Pariton stereoj\u00e4rjestelm\u00e4kaiutin 8 ohmia. Yhdess\u00e4 kulmassa palkeenkieli vinyyliss\u00e4, yhdess\u00e4 reunassa selv\u00e4 kosteusj\u00e4lki (turvonnut, katso kuvat my\u00f6s muut reunat). Viat arvioitu kohtuuvaivalla peitett\u00e4viksi. Johtoa pari-kolme metri\u00e4, ei liitint\u00e4.<\/p>","protected":false},"featured_media":42415,"template":"","meta":[],"_links":{"self":[{"href":"https:\/\/www.radiomarket.fi\/en\/wp-json\/wp\/v2\/product\/42410"}],"collection":[{"href":"https:\/\/www.radiomarket.fi\/en\/wp-json\/wp\/v2\/product"}],"about":[{"href":"https:\/\/www.radiomarket.fi\/en\/wp-json\/wp\/v2\/types\/product"}],"wp:featuredmedia":[{"embeddable":true,"href":"https:\/\/www.radiomarket.fi\/en\/wp-json\/wp\/v2\/media\/42415"}],"wp:attachment":[{"href":"https:\/\/www.radiomarket.fi\/en\/wp-json\/wp\/v2\/media?parent=42410"}],"curies":[{"name":"wp","href":"https:\/\/api.w.org\/{rel}","templated":true}]}}