{"id":42423,"date":"2023-09-22T21:55:08","date_gmt":"2023-09-22T18:55:08","guid":{"rendered":"https:\/\/www.radiomarket.fi\/?post_type=product&#038;p=42423"},"modified":"2023-09-26T12:13:31","modified_gmt":"2023-09-26T09:13:31","slug":"ekub0508-asa-lb-12-1-30w-kaksitiekaiutin","status":"publish","type":"product","link":"https:\/\/www.radiomarket.fi\/en\/kohde\/ekub0508-asa-lb-12-1-30w-kaksitiekaiutin\/","title":{"rendered":"EKUB0508 ASA LB 12-1-30W kaksitiekaiutin"},"content":{"rendered":"Pariton stereoj\u00e4rjestelm\u00e4kaiutin. 4 ohmia. Bassoelementiss\u00e4 keskell\u00e4 painuma, kotelon reunassa selv\u00e4 kosteusj\u00e4lki sek\u00e4 ymp\u00e4riins\u00e4 naarmuja ravintolak\u00e4yt\u00f6n j\u00e4ljilt\u00e4 (turvonnut, katso kuvat). Johdon pituus yli viisi metri\u00e4, ei liitint\u00e4.","protected":false},"excerpt":{"rendered":"<p>Pariton stereoj\u00e4rjestelm\u00e4kaiutin. 4 ohmia. Bassoelementiss\u00e4 keskell\u00e4 painuma, kotelon reunassa selv\u00e4 kosteusj\u00e4lki sek\u00e4 ymp\u00e4riins\u00e4 naarmuja ravintolak\u00e4yt\u00f6n j\u00e4ljilt\u00e4 (turvonnut, katso kuvat). Johdon pituus yli viisi metri\u00e4, ei liitint\u00e4.<\/p>","protected":false},"featured_media":42422,"template":"","meta":[],"_links":{"self":[{"href":"https:\/\/www.radiomarket.fi\/en\/wp-json\/wp\/v2\/product\/42423"}],"collection":[{"href":"https:\/\/www.radiomarket.fi\/en\/wp-json\/wp\/v2\/product"}],"about":[{"href":"https:\/\/www.radiomarket.fi\/en\/wp-json\/wp\/v2\/types\/product"}],"wp:featuredmedia":[{"embeddable":true,"href":"https:\/\/www.radiomarket.fi\/en\/wp-json\/wp\/v2\/media\/42422"}],"wp:attachment":[{"href":"https:\/\/www.radiomarket.fi\/en\/wp-json\/wp\/v2\/media?parent=42423"}],"curies":[{"name":"wp","href":"https:\/\/api.w.org\/{rel}","templated":true}]}}