{"id":42467,"date":"2023-09-26T15:47:58","date_gmt":"2023-09-26T12:47:58","guid":{"rendered":"https:\/\/www.radiomarket.fi\/?post_type=product&#038;p=42467"},"modified":"2025-08-27T08:03:13","modified_gmt":"2025-08-27T05:03:13","slug":"ecc81-siemens-radioputki","status":"publish","type":"product","link":"https:\/\/www.radiomarket.fi\/en\/kohde\/ecc81-siemens-radioputki\/","title":{"rendered":"ECC81 Siemens radioputki"},"content":{"rendered":"<p>Uusia, muita valmistajia ja k\u00e4ytettyj\u00e4 putkia l\u00f6ytyy tuotteella &#8220;ECC81 putki&#8221;<\/p>","protected":false},"excerpt":{"rendered":"<p>Uusia, muita valmistajia ja k\u00e4ytettyj\u00e4 putkia l\u00f6ytyy tuotteella &#8220;ECC81 putki&#8221;<\/p>","protected":false},"featured_media":17169,"template":"","meta":[],"_links":{"self":[{"href":"https:\/\/www.radiomarket.fi\/en\/wp-json\/wp\/v2\/product\/42467"}],"collection":[{"href":"https:\/\/www.radiomarket.fi\/en\/wp-json\/wp\/v2\/product"}],"about":[{"href":"https:\/\/www.radiomarket.fi\/en\/wp-json\/wp\/v2\/types\/product"}],"wp:featuredmedia":[{"embeddable":true,"href":"https:\/\/www.radiomarket.fi\/en\/wp-json\/wp\/v2\/media\/17169"}],"wp:attachment":[{"href":"https:\/\/www.radiomarket.fi\/en\/wp-json\/wp\/v2\/media?parent=42467"}],"curies":[{"name":"wp","href":"https:\/\/api.w.org\/{rel}","templated":true}]}}