{"id":42524,"date":"2023-09-29T15:23:14","date_gmt":"2023-09-29T12:23:14","guid":{"rendered":"https:\/\/www.radiomarket.fi\/?post_type=product&#038;p=42524"},"modified":"2023-09-29T15:34:29","modified_gmt":"2023-09-29T12:34:29","slug":"ekum2692-helvar-celeston-etupaneelilista-oikea-183mm","status":"publish","type":"product","link":"https:\/\/www.radiomarket.fi\/en\/kohde\/ekum2692-helvar-celeston-etupaneelilista-oikea-183mm\/","title":{"rendered":"EKUM2692 Helvar Celeston 183mm oikea etupaneelilista"},"content":{"rendered":"<p>Luunvalkoinen painon\u00e4pp\u00e4inten molemmin puolin oleva lista. T\u00e4m\u00e4 lista sopii oikealle puolelle. N\u00e4m\u00e4 ovat yleens\u00e4 kaikki lohjenneet tai alkavat lohkeamaan ruuvinrei&#8217;ist\u00e4. Ilmeisesti ruuvit on jo tehtaalla vedetty liian tiukkaan. Osat ovat k\u00e4ytettyj\u00e4 purkuradioista purettuja ja niiss\u00e4 saattaa olla hiushalkeamia mutta paloja ei puutu. Mik\u00e4li varastosaldo n\u00e4ytt\u00e4\u00e4 nollaa, voit etsi\u00e4 sopivaa osaa purkuradioistamme ja ehdottaa purkua.<br \/><br \/><strong>Sopivuus ainakin seuraaviin malleihin:<\/strong><br \/><br \/>Helvar Jubil\u00e9<br \/>Celeston Royal<br \/>Helvar Jupiter<br \/>Celeston Concerto<br \/>Helvar Traviata<br \/>Celeston Carmen<\/p>","protected":false},"excerpt":{"rendered":"<p>Luunvalkoinen painon\u00e4pp\u00e4inten molemmin puolin oleva lista. T\u00e4m\u00e4 lista sopii oikealle puolelle. N\u00e4m\u00e4 ovat yleens\u00e4 kaikki lohjenneet tai alkavat lohkeamaan ruuvinrei&#8217;ist\u00e4. Ilmeisesti ruuvit on jo tehtaalla vedetty liian tiukkaan. Osat ovat k\u00e4ytettyj\u00e4 purkuradioista purettuja ja niiss\u00e4 saattaa olla hiushalkeamia mutta paloja ei puutu. Mik\u00e4li varastosaldo n\u00e4ytt\u00e4\u00e4 nollaa, voit etsi\u00e4 sopivaa osaa purkuradioistamme ja ehdottaa purkua.Sopivuus ainakin &hellip;<\/p>\n<p class=\"read-more\"> <a class=\"thunk-readmore button\" href=\"https:\/\/www.radiomarket.fi\/en\/kohde\/ekum2692-helvar-celeston-etupaneelilista-oikea-183mm\/\"> <span class=\"screen-reader-text\">EKUM2692 Helvar Celeston 183mm oikea etupaneelilista<\/span>Read More<\/a><\/p>","protected":false},"featured_media":42523,"template":"","meta":[],"_links":{"self":[{"href":"https:\/\/www.radiomarket.fi\/en\/wp-json\/wp\/v2\/product\/42524"}],"collection":[{"href":"https:\/\/www.radiomarket.fi\/en\/wp-json\/wp\/v2\/product"}],"about":[{"href":"https:\/\/www.radiomarket.fi\/en\/wp-json\/wp\/v2\/types\/product"}],"wp:featuredmedia":[{"embeddable":true,"href":"https:\/\/www.radiomarket.fi\/en\/wp-json\/wp\/v2\/media\/42523"}],"wp:attachment":[{"href":"https:\/\/www.radiomarket.fi\/en\/wp-json\/wp\/v2\/media?parent=42524"}],"curies":[{"name":"wp","href":"https:\/\/api.w.org\/{rel}","templated":true}]}}