{"id":42531,"date":"2023-09-29T15:45:51","date_gmt":"2023-09-29T12:45:51","guid":{"rendered":"https:\/\/www.radiomarket.fi\/?post_type=product&#038;p=42531"},"modified":"2023-09-29T16:06:27","modified_gmt":"2023-09-29T13:06:27","slug":"ekua9362-helvar-166mm-oikea-etupaneelilista-ekum","status":"publish","type":"product","link":"https:\/\/www.radiomarket.fi\/en\/kohde\/ekua9362-helvar-166mm-oikea-etupaneelilista-ekum\/","title":{"rendered":"EKUA9362 Helvar? 166mm oikea etupaneelilista (EKUM)"},"content":{"rendered":"<p>Luunvalkoinen painon\u00e4pp\u00e4inten molemmin puolin oleva lista. T\u00e4m\u00e4 lista sopii oikealle puolelle. N\u00e4m\u00e4 ovat yleens\u00e4 kaikki lohjenneet tai alkavat lohkeamaan ruuvinrei&#8217;ist\u00e4. Ilmeisesti ruuvit on jo tehtaalla vedetty liian tiukkaan. Osat ovat k\u00e4ytettyj\u00e4 purkuradioista purettuja ja niiss\u00e4 saattaa olla hiushalkeamia mutta paloja ei puutu. Mik\u00e4li varastosaldo n\u00e4ytt\u00e4\u00e4 nollaa, voit etsi\u00e4 sopivaa osaa purkuradioistamme ja ehdottaa purkua.\u00a0<\/p><p>Mahdollisista kotelon mittaeroista johtuen varauduthan sovittamaan listan paikalleen sit\u00e4 muokaten. Ko. listoissa on kesken\u00e4\u00e4n pieni\u00e4 eroja, uloimman ruuvinrei\u00e4n viereinen p\u00e4\u00e4ty on ulosp\u00e4in n\u00e4kym\u00e4tt\u00f6m\u00e4lt\u00e4 osaltaan joko viisto tai suora.<br \/><br \/><strong>Sopivuus ainakin seuraaviin malleihin:<\/strong><br \/><br \/>Ei tiedossa<br \/><br \/>Lis\u00e4\u00e4 vastaavia osia l\u00f6ytyy Radiomarketin tuotekategoriasta &#8220;listat&#8221;.<\/p>","protected":false},"excerpt":{"rendered":"<p>Luunvalkoinen painon\u00e4pp\u00e4inten molemmin puolin oleva lista. T\u00e4m\u00e4 lista sopii oikealle puolelle. N\u00e4m\u00e4 ovat yleens\u00e4 kaikki lohjenneet tai alkavat lohkeamaan ruuvinrei&#8217;ist\u00e4. Ilmeisesti ruuvit on jo tehtaalla vedetty liian tiukkaan. Osat ovat k\u00e4ytettyj\u00e4 purkuradioista purettuja ja niiss\u00e4 saattaa olla hiushalkeamia mutta paloja ei puutu. Mik\u00e4li varastosaldo n\u00e4ytt\u00e4\u00e4 nollaa, voit etsi\u00e4 sopivaa osaa purkuradioistamme ja ehdottaa purkua.\u00a0Mahdollisista kotelon &hellip;<\/p>\n<p class=\"read-more\"> <a class=\"thunk-readmore button\" href=\"https:\/\/www.radiomarket.fi\/en\/kohde\/ekua9362-helvar-166mm-oikea-etupaneelilista-ekum\/\"> <span class=\"screen-reader-text\">EKUA9362 Helvar? 166mm oikea etupaneelilista (EKUM)<\/span>Read More<\/a><\/p>","protected":false},"featured_media":11302,"template":"","meta":[],"_links":{"self":[{"href":"https:\/\/www.radiomarket.fi\/en\/wp-json\/wp\/v2\/product\/42531"}],"collection":[{"href":"https:\/\/www.radiomarket.fi\/en\/wp-json\/wp\/v2\/product"}],"about":[{"href":"https:\/\/www.radiomarket.fi\/en\/wp-json\/wp\/v2\/types\/product"}],"wp:featuredmedia":[{"embeddable":true,"href":"https:\/\/www.radiomarket.fi\/en\/wp-json\/wp\/v2\/media\/11302"}],"wp:attachment":[{"href":"https:\/\/www.radiomarket.fi\/en\/wp-json\/wp\/v2\/media?parent=42531"}],"curies":[{"name":"wp","href":"https:\/\/api.w.org\/{rel}","templated":true}]}}