{"id":42534,"date":"2023-09-29T16:10:34","date_gmt":"2023-09-29T13:10:34","guid":{"rendered":"https:\/\/www.radiomarket.fi\/?post_type=product&#038;p=42534"},"modified":"2023-09-29T16:33:53","modified_gmt":"2023-09-29T13:33:53","slug":"ekua9360x-helvar-171mm-oikea-etupaneelilista","status":"publish","type":"product","link":"https:\/\/www.radiomarket.fi\/en\/kohde\/ekua9360x-helvar-171mm-oikea-etupaneelilista\/","title":{"rendered":"EKUA9360x Helvar? 171-173mm oikea etupaneelilista"},"content":{"rendered":"<p>Luunvalkoinen painon\u00e4pp\u00e4inten molemmin puolin oleva lista. T\u00e4m\u00e4 lista sopii oikealle puolelle. N\u00e4m\u00e4 ovat yleens\u00e4 kaikki lohjenneet tai alkavat lohkeamaan ruuvinrei&#8217;ist\u00e4. Ilmeisesti ruuvit on jo tehtaalla vedetty liian tiukkaan. Osat ovat k\u00e4ytettyj\u00e4 purkuradioista purettuja ja niiss\u00e4 saattaa olla hiushalkeamia mutta paloja ei puutu. <strong>HUOM! Viimeinen lista on n\u00e4kym\u00e4tt\u00f6m\u00e4lt\u00e4 osaltaan lohjennut ja teipill\u00e4 vahvistettu. <\/strong>Mik\u00e4li varastosaldo n\u00e4ytt\u00e4\u00e4 nollaa, voit etsi\u00e4 sopivaa osaa purkuradioistamme ja ehdottaa purkua.\u00a0<br \/><br \/>Mahdollisista kotelon mittaeroista johtuen varauduthan sovittamaan listan paikalleen sit\u00e4 muokaten. Ko. listoissa on kesken\u00e4\u00e4n pieni\u00e4 parin millin mittaeroja.<br \/><br \/><strong>Sopivuus ainakin seuraaviin malleihin:<\/strong><br \/><br \/>Ei tiedossa<br \/><br \/>Lis\u00e4\u00e4 vastaavia osia l\u00f6ytyy Radiomarketin tuotekategoriasta &#8220;listat&#8221;.<\/p>","protected":false},"excerpt":{"rendered":"<p>Luunvalkoinen painon\u00e4pp\u00e4inten molemmin puolin oleva lista. T\u00e4m\u00e4 lista sopii oikealle puolelle. N\u00e4m\u00e4 ovat yleens\u00e4 kaikki lohjenneet tai alkavat lohkeamaan ruuvinrei&#8217;ist\u00e4. Ilmeisesti ruuvit on jo tehtaalla vedetty liian tiukkaan. Osat ovat k\u00e4ytettyj\u00e4 purkuradioista purettuja ja niiss\u00e4 saattaa olla hiushalkeamia mutta paloja ei puutu. HUOM! Viimeinen lista on n\u00e4kym\u00e4tt\u00f6m\u00e4lt\u00e4 osaltaan lohjennut ja teipill\u00e4 vahvistettu. Mik\u00e4li varastosaldo n\u00e4ytt\u00e4\u00e4 &hellip;<\/p>\n<p class=\"read-more\"> <a class=\"thunk-readmore button\" href=\"https:\/\/www.radiomarket.fi\/en\/kohde\/ekua9360x-helvar-171mm-oikea-etupaneelilista\/\"> <span class=\"screen-reader-text\">EKUA9360x Helvar? 171-173mm oikea etupaneelilista<\/span>Read More<\/a><\/p>","protected":false},"featured_media":11300,"template":"","meta":[],"_links":{"self":[{"href":"https:\/\/www.radiomarket.fi\/en\/wp-json\/wp\/v2\/product\/42534"}],"collection":[{"href":"https:\/\/www.radiomarket.fi\/en\/wp-json\/wp\/v2\/product"}],"about":[{"href":"https:\/\/www.radiomarket.fi\/en\/wp-json\/wp\/v2\/types\/product"}],"wp:featuredmedia":[{"embeddable":true,"href":"https:\/\/www.radiomarket.fi\/en\/wp-json\/wp\/v2\/media\/11300"}],"wp:attachment":[{"href":"https:\/\/www.radiomarket.fi\/en\/wp-json\/wp\/v2\/media?parent=42534"}],"curies":[{"name":"wp","href":"https:\/\/api.w.org\/{rel}","templated":true}]}}