{"id":42591,"date":"2023-09-30T12:51:24","date_gmt":"2023-09-30T09:51:24","guid":{"rendered":"https:\/\/www.radiomarket.fi\/?post_type=product&#038;p=42591"},"modified":"2025-07-15T20:41:29","modified_gmt":"2025-07-15T17:41:29","slug":"ekum2670-asteikkonaruksi-sopiva-lanka-matkaradioon-myydaan-metreittain","status":"publish","type":"product","link":"https:\/\/www.radiomarket.fi\/en\/kohde\/ekum2670-asteikkonaruksi-sopiva-lanka-matkaradioon-myydaan-metreittain\/","title":{"rendered":"EKUM2670 4-s\u00e4ikeinen asteikkonaruksi sopiva lanka matkaradioon, myyd\u00e4\u00e4n metreitt\u00e4in"},"content":{"rendered":"<p>Asteikkonaru matkaradioon, joissa on hyvin ohut asteikkolanka. T\u00e4m\u00e4 sopii aika hyvin matkaradion asteikkolangaksi paksuuden puolesta. Ainakin ASA 1196 -matkaradioon n\u00e4ytt\u00e4\u00e4 sopivan hyvin. Naru on aavistuksen joustavampaa kuin oikea asteikkolanka, mutta emme viel\u00e4 tied\u00e4 onko sill\u00e4 suurta k\u00e4yt\u00e4nn\u00f6n merkityst\u00e4. Ohuempaa kuin EKUM2617. Myyd\u00e4\u00e4n metreitt\u00e4in. <em>\u00a0<\/em><\/p>","protected":false},"excerpt":{"rendered":"<p>Asteikkonaru matkaradioon, joissa on hyvin ohut asteikkolanka. T\u00e4m\u00e4 sopii aika hyvin matkaradion asteikkolangaksi paksuuden puolesta. Ainakin ASA 1196 -matkaradioon n\u00e4ytt\u00e4\u00e4 sopivan hyvin. Naru on aavistuksen joustavampaa kuin oikea asteikkolanka, mutta emme viel\u00e4 tied\u00e4 onko sill\u00e4 suurta k\u00e4yt\u00e4nn\u00f6n merkityst\u00e4. Ohuempaa kuin EKUM2617. Myyd\u00e4\u00e4n metreitt\u00e4in. \u00a0<\/p>","protected":false},"featured_media":39078,"template":"","meta":[],"_links":{"self":[{"href":"https:\/\/www.radiomarket.fi\/en\/wp-json\/wp\/v2\/product\/42591"}],"collection":[{"href":"https:\/\/www.radiomarket.fi\/en\/wp-json\/wp\/v2\/product"}],"about":[{"href":"https:\/\/www.radiomarket.fi\/en\/wp-json\/wp\/v2\/types\/product"}],"wp:featuredmedia":[{"embeddable":true,"href":"https:\/\/www.radiomarket.fi\/en\/wp-json\/wp\/v2\/media\/39078"}],"wp:attachment":[{"href":"https:\/\/www.radiomarket.fi\/en\/wp-json\/wp\/v2\/media?parent=42591"}],"curies":[{"name":"wp","href":"https:\/\/api.w.org\/{rel}","templated":true}]}}