{"id":42592,"date":"2023-09-30T13:48:00","date_gmt":"2023-09-30T10:48:00","guid":{"rendered":"https:\/\/www.radiomarket.fi\/?post_type=product&#038;p=42592"},"modified":"2023-09-30T14:00:56","modified_gmt":"2023-09-30T11:00:56","slug":"ekum2671-helvar-stereomatic","status":"publish","type":"product","link":"https:\/\/www.radiomarket.fi\/en\/kohde\/ekum2671-helvar-stereomatic\/","title":{"rendered":"EKUM2671 Helvar Stereomatic (Philips 10RB960\/33)"},"content":{"rendered":"<p>Modifioitu, taakse lis\u00e4tty transistoreja. Br\u00e4nd\u00e4tty Helvar-merkille, alunperin Philipsin valmistama (kts. https:\/\/www.radiomuseum.org\/r\/philips_10rb960_33.html)<br \/><br \/>Virta tulee. ULA-valinnalla muiden aaltoalueiden asteikkolanka liikkuu mukana. Muita aaltoalueita viritt\u00e4ess\u00e4 ULA-lanka pysyy kuitenkin paikallaan. Kotelon vasemmassa alareunassa kulumaa.<\/p>","protected":false},"excerpt":{"rendered":"<p>Modifioitu, taakse lis\u00e4tty transistoreja. Br\u00e4nd\u00e4tty Helvar-merkille, alunperin Philipsin valmistama (kts. https:\/\/www.radiomuseum.org\/r\/philips_10rb960_33.html)Virta tulee. ULA-valinnalla muiden aaltoalueiden asteikkolanka liikkuu mukana. Muita aaltoalueita viritt\u00e4ess\u00e4 ULA-lanka pysyy kuitenkin paikallaan. Kotelon vasemmassa alareunassa kulumaa.<\/p>","protected":false},"featured_media":42600,"template":"","meta":[],"_links":{"self":[{"href":"https:\/\/www.radiomarket.fi\/en\/wp-json\/wp\/v2\/product\/42592"}],"collection":[{"href":"https:\/\/www.radiomarket.fi\/en\/wp-json\/wp\/v2\/product"}],"about":[{"href":"https:\/\/www.radiomarket.fi\/en\/wp-json\/wp\/v2\/types\/product"}],"wp:featuredmedia":[{"embeddable":true,"href":"https:\/\/www.radiomarket.fi\/en\/wp-json\/wp\/v2\/media\/42600"}],"wp:attachment":[{"href":"https:\/\/www.radiomarket.fi\/en\/wp-json\/wp\/v2\/media?parent=42592"}],"curies":[{"name":"wp","href":"https:\/\/api.w.org\/{rel}","templated":true}]}}