{"id":42637,"date":"2023-10-03T17:02:43","date_gmt":"2023-10-03T14:02:43","guid":{"rendered":"https:\/\/www.radiomarket.fi\/?post_type=product&#038;p=42637"},"modified":"2026-02-10T08:39:35","modified_gmt":"2026-02-10T06:39:35","slug":"ef85-elektroniputki-philips","status":"publish","type":"product","link":"https:\/\/www.radiomarket.fi\/en\/kohde\/ef85-elektroniputki-philips\/","title":{"rendered":"EF85 elektroniputki Philips (6BY7)"},"content":{"rendered":"<p>Uusi Philips-merkkinen elektroniputki. K\u00e4ytettyj\u00e4 ja muiden valmistajien putkia l\u00f6ytyy tuotteella &#8220;EF85&#8221;. SRHS:n j\u00e4senille saatavilla erisuuruisia alennuksia, ilmoita j\u00e4senyydest\u00e4si tilauksen yhteydess\u00e4.<\/p>","protected":false},"excerpt":{"rendered":"<p>Uusi Philips-merkkinen elektroniputki. K\u00e4ytettyj\u00e4 ja muiden valmistajien putkia l\u00f6ytyy tuotteella &#8220;EF85&#8221;. SRHS:n j\u00e4senille saatavilla erisuuruisia alennuksia, ilmoita j\u00e4senyydest\u00e4si tilauksen yhteydess\u00e4.<\/p>","protected":false},"featured_media":17169,"template":"","meta":[],"_links":{"self":[{"href":"https:\/\/www.radiomarket.fi\/en\/wp-json\/wp\/v2\/product\/42637"}],"collection":[{"href":"https:\/\/www.radiomarket.fi\/en\/wp-json\/wp\/v2\/product"}],"about":[{"href":"https:\/\/www.radiomarket.fi\/en\/wp-json\/wp\/v2\/types\/product"}],"wp:featuredmedia":[{"embeddable":true,"href":"https:\/\/www.radiomarket.fi\/en\/wp-json\/wp\/v2\/media\/17169"}],"wp:attachment":[{"href":"https:\/\/www.radiomarket.fi\/en\/wp-json\/wp\/v2\/media?parent=42637"}],"curies":[{"name":"wp","href":"https:\/\/api.w.org\/{rel}","templated":true}]}}