{"id":42667,"date":"2023-10-04T11:45:39","date_gmt":"2023-10-04T08:45:39","guid":{"rendered":"https:\/\/www.radiomarket.fi\/?post_type=product&#038;p=42667"},"modified":"2023-10-04T11:49:43","modified_gmt":"2023-10-04T08:49:43","slug":"lars0381-kaiutin","status":"publish","type":"product","link":"https:\/\/www.radiomarket.fi\/en\/kohde\/lars0381-kaiutin\/","title":{"rendered":"LARS0381 Kaiutin"},"content":{"rendered":"<p>Yksitt\u00e4inen kaiutin, ei merkkitietoa. Vaikuttaa tehdastekoiselta. Impedanssista ei tietoa. Koko silm\u00e4m\u00e4\u00e4r\u00e4isesti 25 x 35cm, syvyytt\u00e4 reilu 10 cm. Ei testattu eik\u00e4 tutkittu tarkemmin.<\/p>","protected":false},"excerpt":{"rendered":"<p>Yksitt\u00e4inen kaiutin, ei merkkitietoa. Vaikuttaa tehdastekoiselta. Impedanssista ei tietoa. Koko silm\u00e4m\u00e4\u00e4r\u00e4isesti 25 x 35cm, syvyytt\u00e4 reilu 10 cm. Ei testattu eik\u00e4 tutkittu tarkemmin.<\/p>","protected":false},"featured_media":42669,"template":"","meta":[],"_links":{"self":[{"href":"https:\/\/www.radiomarket.fi\/en\/wp-json\/wp\/v2\/product\/42667"}],"collection":[{"href":"https:\/\/www.radiomarket.fi\/en\/wp-json\/wp\/v2\/product"}],"about":[{"href":"https:\/\/www.radiomarket.fi\/en\/wp-json\/wp\/v2\/types\/product"}],"wp:featuredmedia":[{"embeddable":true,"href":"https:\/\/www.radiomarket.fi\/en\/wp-json\/wp\/v2\/media\/42669"}],"wp:attachment":[{"href":"https:\/\/www.radiomarket.fi\/en\/wp-json\/wp\/v2\/media?parent=42667"}],"curies":[{"name":"wp","href":"https:\/\/api.w.org\/{rel}","templated":true}]}}