{"id":42675,"date":"2025-02-13T16:04:33","date_gmt":"2025-02-13T14:04:33","guid":{"rendered":"https:\/\/www.radiomarket.fi\/?post_type=product&#038;p=42675"},"modified":"2025-12-02T12:04:17","modified_gmt":"2025-12-02T10:04:17","slug":"ef89-kaytetty-elektroniputki-testattu-100","status":"publish","type":"product","link":"https:\/\/www.radiomarket.fi\/en\/kohde\/ef89-kaytetty-elektroniputki-testattu-100\/","title":{"rendered":"EF89 k\u00e4ytetty elektroniputki testattu 100%"},"content":{"rendered":"<p>Valmistaja voi vaihdella. Toimivaksi testattu. SRHS:n j\u00e4senille saatavilla erisuuruisia alennuksia, ilmoita j\u00e4senyydest\u00e4si tilauksen yhteydess\u00e4.<\/p>","protected":false},"excerpt":{"rendered":"<p>Valmistaja voi vaihdella. Toimivaksi testattu. SRHS:n j\u00e4senille saatavilla erisuuruisia alennuksia, ilmoita j\u00e4senyydest\u00e4si tilauksen yhteydess\u00e4.<\/p>","protected":false},"featured_media":17169,"template":"","meta":[],"_links":{"self":[{"href":"https:\/\/www.radiomarket.fi\/en\/wp-json\/wp\/v2\/product\/42675"}],"collection":[{"href":"https:\/\/www.radiomarket.fi\/en\/wp-json\/wp\/v2\/product"}],"about":[{"href":"https:\/\/www.radiomarket.fi\/en\/wp-json\/wp\/v2\/types\/product"}],"wp:featuredmedia":[{"embeddable":true,"href":"https:\/\/www.radiomarket.fi\/en\/wp-json\/wp\/v2\/media\/17169"}],"wp:attachment":[{"href":"https:\/\/www.radiomarket.fi\/en\/wp-json\/wp\/v2\/media?parent=42675"}],"curies":[{"name":"wp","href":"https:\/\/api.w.org\/{rel}","templated":true}]}}