{"id":42705,"date":"2023-10-06T12:39:07","date_gmt":"2023-10-06T09:39:07","guid":{"rendered":"https:\/\/www.radiomarket.fi\/?post_type=product&#038;p=42705"},"modified":"2023-11-01T11:53:26","modified_gmt":"2023-11-01T09:53:26","slug":"ekum2679-vuolematon-verkkojohto-philips-fx27970","status":"publish","type":"product","link":"https:\/\/www.radiomarket.fi\/en\/kohde\/ekum2679-vuolematon-verkkojohto-philips-fx27970\/","title":{"rendered":"EKUM2679 Vuolematon verkkojohto Philips FX27970"},"content":{"rendered":"<p>Pelkk\u00e4 tuotekuvan mukainen verkkojohto.<br \/><br \/>Purettu koneistosta joka n\u00e4kyy viimeisess\u00e4 tuotekuvassa. Sen piirilevyss\u00e4 numero FX20344 ja mustassa kotelo-osassa FX51720.<br \/><br \/><\/p>","protected":false},"excerpt":{"rendered":"<p>Pelkk\u00e4 tuotekuvan mukainen verkkojohto.Purettu koneistosta joka n\u00e4kyy viimeisess\u00e4 tuotekuvassa. Sen piirilevyss\u00e4 numero FX20344 ja mustassa kotelo-osassa FX51720.<\/p>","protected":false},"featured_media":42693,"template":"","meta":[],"_links":{"self":[{"href":"https:\/\/www.radiomarket.fi\/en\/wp-json\/wp\/v2\/product\/42705"}],"collection":[{"href":"https:\/\/www.radiomarket.fi\/en\/wp-json\/wp\/v2\/product"}],"about":[{"href":"https:\/\/www.radiomarket.fi\/en\/wp-json\/wp\/v2\/types\/product"}],"wp:featuredmedia":[{"embeddable":true,"href":"https:\/\/www.radiomarket.fi\/en\/wp-json\/wp\/v2\/media\/42693"}],"wp:attachment":[{"href":"https:\/\/www.radiomarket.fi\/en\/wp-json\/wp\/v2\/media?parent=42705"}],"curies":[{"name":"wp","href":"https:\/\/api.w.org\/{rel}","templated":true}]}}