{"id":42724,"date":"2023-10-11T12:30:34","date_gmt":"2023-10-11T09:30:34","guid":{"rendered":"https:\/\/www.radiomarket.fi\/?post_type=product&#038;p=42724"},"modified":"2025-03-20T11:53:57","modified_gmt":"2025-03-20T09:53:57","slug":"ebf80-elektroniputki-philips-tai-telefunken-ekus","status":"publish","type":"product","link":"https:\/\/www.radiomarket.fi\/en\/kohde\/ebf80-elektroniputki-philips-tai-telefunken-ekus\/","title":{"rendered":"EBF80 elektroniputki Philips tai Telefunken (EKUS)"},"content":{"rendered":"<p>Uusi putki. SRHS:n j\u00e4senille saatavilla erisuuruisia alennuksia s\u00e4hk\u00f6postilla tilattaessa, ilmoita j\u00e4senyydest\u00e4si tilauksen yhteydess\u00e4.<\/p>","protected":false},"excerpt":{"rendered":"<p>Uusi putki. SRHS:n j\u00e4senille saatavilla erisuuruisia alennuksia s\u00e4hk\u00f6postilla tilattaessa, ilmoita j\u00e4senyydest\u00e4si tilauksen yhteydess\u00e4.<\/p>","protected":false},"featured_media":17169,"template":"","meta":[],"_links":{"self":[{"href":"https:\/\/www.radiomarket.fi\/en\/wp-json\/wp\/v2\/product\/42724"}],"collection":[{"href":"https:\/\/www.radiomarket.fi\/en\/wp-json\/wp\/v2\/product"}],"about":[{"href":"https:\/\/www.radiomarket.fi\/en\/wp-json\/wp\/v2\/types\/product"}],"wp:featuredmedia":[{"embeddable":true,"href":"https:\/\/www.radiomarket.fi\/en\/wp-json\/wp\/v2\/media\/17169"}],"wp:attachment":[{"href":"https:\/\/www.radiomarket.fi\/en\/wp-json\/wp\/v2\/media?parent=42724"}],"curies":[{"name":"wp","href":"https:\/\/api.w.org\/{rel}","templated":true}]}}