{"id":42725,"date":"2023-10-11T12:35:00","date_gmt":"2023-10-11T09:35:00","guid":{"rendered":"https:\/\/www.radiomarket.fi\/?post_type=product&#038;p=42725"},"modified":"2024-03-15T11:02:13","modified_gmt":"2024-03-15T09:02:13","slug":"ebc41-elektroniputki-nos-ekus","status":"publish","type":"product","link":"https:\/\/www.radiomarket.fi\/en\/kohde\/ebc41-elektroniputki-nos-ekus\/","title":{"rendered":"EBC41 elektroniputki NOS (EKUS)"},"content":{"rendered":"<p>Valmistaja voi vaihdella, uusia. SRHS:n j\u00e4senille saatavilla erisuuruisia alennuksia s\u00e4hk\u00f6postilla tilattaessa, ilmoita j\u00e4senyydest\u00e4si tilauksen yhteydess\u00e4.<\/p>","protected":false},"excerpt":{"rendered":"<p>Valmistaja voi vaihdella, uusia. SRHS:n j\u00e4senille saatavilla erisuuruisia alennuksia s\u00e4hk\u00f6postilla tilattaessa, ilmoita j\u00e4senyydest\u00e4si tilauksen yhteydess\u00e4.<\/p>","protected":false},"featured_media":17169,"template":"","meta":[],"_links":{"self":[{"href":"https:\/\/www.radiomarket.fi\/en\/wp-json\/wp\/v2\/product\/42725"}],"collection":[{"href":"https:\/\/www.radiomarket.fi\/en\/wp-json\/wp\/v2\/product"}],"about":[{"href":"https:\/\/www.radiomarket.fi\/en\/wp-json\/wp\/v2\/types\/product"}],"wp:featuredmedia":[{"embeddable":true,"href":"https:\/\/www.radiomarket.fi\/en\/wp-json\/wp\/v2\/media\/17169"}],"wp:attachment":[{"href":"https:\/\/www.radiomarket.fi\/en\/wp-json\/wp\/v2\/media?parent=42725"}],"curies":[{"name":"wp","href":"https:\/\/api.w.org\/{rel}","templated":true}]}}