{"id":42726,"date":"2023-10-11T12:40:27","date_gmt":"2023-10-11T09:40:27","guid":{"rendered":"https:\/\/www.radiomarket.fi\/?post_type=product&#038;p=42726"},"modified":"2023-10-11T12:42:00","modified_gmt":"2023-10-11T09:42:00","slug":"pl81-elektroniputki-philips-nos-ekus","status":"publish","type":"product","link":"https:\/\/www.radiomarket.fi\/en\/kohde\/pl81-elektroniputki-philips-nos-ekus\/","title":{"rendered":"PL81 elektroniputki Philips NOS (EKUS)"},"content":{"rendered":"<p>Uusi putki. SRHS:n j\u00e4senille saatavilla erisuuruisia alennuksia s\u00e4hk\u00f6postilla tilattaessa, ilmoita j\u00e4senyydest\u00e4si tilauksen yhteydess\u00e4.<\/p>","protected":false},"excerpt":{"rendered":"<p>Uusi putki. SRHS:n j\u00e4senille saatavilla erisuuruisia alennuksia s\u00e4hk\u00f6postilla tilattaessa, ilmoita j\u00e4senyydest\u00e4si tilauksen yhteydess\u00e4.<\/p>","protected":false},"featured_media":17169,"template":"","meta":[],"_links":{"self":[{"href":"https:\/\/www.radiomarket.fi\/en\/wp-json\/wp\/v2\/product\/42726"}],"collection":[{"href":"https:\/\/www.radiomarket.fi\/en\/wp-json\/wp\/v2\/product"}],"about":[{"href":"https:\/\/www.radiomarket.fi\/en\/wp-json\/wp\/v2\/types\/product"}],"wp:featuredmedia":[{"embeddable":true,"href":"https:\/\/www.radiomarket.fi\/en\/wp-json\/wp\/v2\/media\/17169"}],"wp:attachment":[{"href":"https:\/\/www.radiomarket.fi\/en\/wp-json\/wp\/v2\/media?parent=42726"}],"curies":[{"name":"wp","href":"https:\/\/api.w.org\/{rel}","templated":true}]}}