{"id":42728,"date":"2023-10-11T15:33:34","date_gmt":"2023-10-11T12:33:34","guid":{"rendered":"https:\/\/www.radiomarket.fi\/?post_type=product&#038;p=42728"},"modified":"2023-10-16T20:56:42","modified_gmt":"2023-10-16T17:56:42","slug":"ekum2681-sony-walkman-wm-f-2015","status":"publish","type":"product","link":"https:\/\/www.radiomarket.fi\/en\/kohde\/ekum2681-sony-walkman-wm-f-2015\/","title":{"rendered":"EKUM2681 Sony Walkman WM-F-2015"},"content":{"rendered":"<p>P\u00e4\u00e4ll\u00e4 liima\/teippij\u00e4lke\u00e4. Ei tutkittu tarkemmin.<\/p>","protected":false},"excerpt":{"rendered":"<p>P\u00e4\u00e4ll\u00e4 liima\/teippij\u00e4lke\u00e4. Ei tutkittu tarkemmin.<\/p>","protected":false},"featured_media":42733,"template":"","meta":[],"_links":{"self":[{"href":"https:\/\/www.radiomarket.fi\/en\/wp-json\/wp\/v2\/product\/42728"}],"collection":[{"href":"https:\/\/www.radiomarket.fi\/en\/wp-json\/wp\/v2\/product"}],"about":[{"href":"https:\/\/www.radiomarket.fi\/en\/wp-json\/wp\/v2\/types\/product"}],"wp:featuredmedia":[{"embeddable":true,"href":"https:\/\/www.radiomarket.fi\/en\/wp-json\/wp\/v2\/media\/42733"}],"wp:attachment":[{"href":"https:\/\/www.radiomarket.fi\/en\/wp-json\/wp\/v2\/media?parent=42728"}],"curies":[{"name":"wp","href":"https:\/\/api.w.org\/{rel}","templated":true}]}}