{"id":42763,"date":"2023-10-12T15:29:43","date_gmt":"2023-10-12T12:29:43","guid":{"rendered":"https:\/\/www.radiomarket.fi\/?post_type=product&#038;p=42763"},"modified":"2023-10-12T16:32:47","modified_gmt":"2023-10-12T13:32:47","slug":"ekum2685-lenovo-adlx45ncc3a-verkkolaite","status":"publish","type":"product","link":"https:\/\/www.radiomarket.fi\/en\/kohde\/ekum2685-lenovo-adlx45ncc3a-verkkolaite\/","title":{"rendered":"EKUM2685 Lenovo ADLX45NCC3A verkkolaite"},"content":{"rendered":"<p>K\u00e4yt\u00f6st\u00e4 poistettu toimivana. Liittimess\u00e4 yksi pinni sis\u00e4ll\u00e4, leveys 11mm (aukko 6mm). Lahjoittajan mukaan toimiva, ei testattu meill\u00e4 sopivan koneen puuttuessa.<\/p>","protected":false},"excerpt":{"rendered":"<p>K\u00e4yt\u00f6st\u00e4 poistettu toimivana. Liittimess\u00e4 yksi pinni sis\u00e4ll\u00e4, leveys 11mm (aukko 6mm). Lahjoittajan mukaan toimiva, ei testattu meill\u00e4 sopivan koneen puuttuessa.<\/p>","protected":false},"featured_media":42765,"template":"","meta":[],"_links":{"self":[{"href":"https:\/\/www.radiomarket.fi\/en\/wp-json\/wp\/v2\/product\/42763"}],"collection":[{"href":"https:\/\/www.radiomarket.fi\/en\/wp-json\/wp\/v2\/product"}],"about":[{"href":"https:\/\/www.radiomarket.fi\/en\/wp-json\/wp\/v2\/types\/product"}],"wp:featuredmedia":[{"embeddable":true,"href":"https:\/\/www.radiomarket.fi\/en\/wp-json\/wp\/v2\/media\/42765"}],"wp:attachment":[{"href":"https:\/\/www.radiomarket.fi\/en\/wp-json\/wp\/v2\/media?parent=42763"}],"curies":[{"name":"wp","href":"https:\/\/api.w.org\/{rel}","templated":true}]}}