{"id":42793,"date":"2023-10-14T13:51:29","date_gmt":"2023-10-14T10:51:29","guid":{"rendered":"https:\/\/www.radiomarket.fi\/?post_type=product&#038;p=42793"},"modified":"2025-11-24T14:26:29","modified_gmt":"2025-11-24T12:26:29","slug":"ekus0696-radiot-lehti-2-2023","status":"publish","type":"product","link":"https:\/\/www.radiomarket.fi\/en\/kohde\/ekus0696-radiot-lehti-2-2023\/","title":{"rendered":"EKUS0696 Radiot-lehti 2\/2023"},"content":{"rendered":"<p>Suomen Radiohistoriallinen Seura ry:n julkaisema SRHS-j\u00e4senlehti 2\/2023 (10.4.2023). Seuran j\u00e4senille lehdist\u00e4 50% j\u00e4senalennus, jos haluat j\u00e4senalennuksen, tilaa haluamasi numerot s\u00e4hk\u00f6postitse.<br \/><br \/><strong>T\u00e4ss\u00e4 numerossa:<\/strong><br \/><br \/>Seuran kev\u00e4tkokous 2023 H\u00e4meenlinnassa (Jorma Raita)<br \/>SRHS:n sihteeri tiedottaa<br \/>Huomio, huomio, l\u00e4hetys alkaa (Teppo Gustafsson)<br \/>Olympiavahvistin (Heikki Marttila)<br \/>Helsingin olympialaisten ulkomaanradiointi (Heikki Marttila)<br \/>Teleste (Pekka Ritam\u00e4ki)<br \/>Patentti langattoman l\u00e4hetyksen h\u00e4iritsemisen est\u00e4miseksi (Heikki Marttila)<br \/>Ensimm\u00e4inen radioni ja Ylivieskan asema (Janne Strang)<br \/>Radio (Heikki Marttila)<br \/>Lahden asema ja j\u00e4\u00e4hdyttimen putket (Heikki Marttila)<br \/>Reklamaatio l\u00e4hetinputkista (Heikki Marttila)<br \/>Erkin tee se itse ahtausenn\u00e4tys (Tapio Lukkonen)<br \/>Kouvolan 9. Sotilasradiop\u00e4iv\u00e4 22.4. (Kari Syrj\u00e4nen)<br \/>Hintavertailua, tehol\u00e4hde 1972 vuodelta (Heikki Rinnemaa)<br \/>Itsest\u00e4\u00e4n sammuva valaisin y\u00f6p\u00f6yd\u00e4lle<br \/>Jatkuvuustesteri<br \/>Kirjat kertovat. Radiotekniikka 1 (Heikki Rinnemaa)<br \/>Suomen DX-Liitto (Risto V\u00e4h\u00e4kainu)<br \/>Sattuipa mukavasti ja mysteerilaitteen arvoitus selvisi (Pekka Ollila)<br \/>Kev\u00e4tmatka Latviaan (Heikki Marttila) <br \/><br \/>Varastosaldoon on laskettu uudet ja k\u00e4ytetyt lehdet. Uudet lehdet myyd\u00e4\u00e4n ensin.\u00a0<\/p>","protected":false},"excerpt":{"rendered":"<p>Loppuunmyydyksi merkittyjen lehtien yksitt\u00e4isist\u00e4 artikkeleista voi tilata kopioita tai skannauksia. Kirjetoimitustuotteita kannattaa tilata useampi samalla kertaa, toimituskulut nousevat vain \u20ac0,10 per lis\u00e4tty tuote (v. 2024 hinnaston mukaan).<\/p>","protected":false},"featured_media":42819,"template":"","meta":[],"_links":{"self":[{"href":"https:\/\/www.radiomarket.fi\/en\/wp-json\/wp\/v2\/product\/42793"}],"collection":[{"href":"https:\/\/www.radiomarket.fi\/en\/wp-json\/wp\/v2\/product"}],"about":[{"href":"https:\/\/www.radiomarket.fi\/en\/wp-json\/wp\/v2\/types\/product"}],"wp:featuredmedia":[{"embeddable":true,"href":"https:\/\/www.radiomarket.fi\/en\/wp-json\/wp\/v2\/media\/42819"}],"wp:attachment":[{"href":"https:\/\/www.radiomarket.fi\/en\/wp-json\/wp\/v2\/media?parent=42793"}],"curies":[{"name":"wp","href":"https:\/\/api.w.org\/{rel}","templated":true}]}}