{"id":42820,"date":"2023-10-17T12:26:55","date_gmt":"2023-10-17T09:26:55","guid":{"rendered":"https:\/\/www.radiomarket.fi\/?post_type=product&#038;p=42820"},"modified":"2025-11-24T14:25:09","modified_gmt":"2025-11-24T12:25:09","slug":"ekus0697-radiot-lehti-3-2023","status":"publish","type":"product","link":"https:\/\/www.radiomarket.fi\/en\/kohde\/ekus0697-radiot-lehti-3-2023\/","title":{"rendered":"EKUS0697 Radiot-lehti 3\/2023"},"content":{"rendered":"<p>Suomen Radiohistoriallinen Seura ry:n julkaisema SRHS-j\u00e4senlehti 3\/2023 (20.8.2023). Seuran j\u00e4senille lehdist\u00e4 50% j\u00e4senalennus, jos haluat j\u00e4senalennuksen, tilaa haluamasi numerot s\u00e4hk\u00f6postitse.<br \/><br \/><strong>T\u00e4ss\u00e4 numerossa:<\/strong><br \/><br \/>Vaasalaiskokoelma radiokahvilaksi J\u00e4ms\u00e4\u00e4n<br \/>Kokouskutsu<br \/>Radio-mankat, katoaako ne? (Heikki Rinnemaa)<br \/>Popovin patsas Isopuiston laidalla (Heikki Marttila)<br \/>S\u00e4hk\u00f6museohanke (Heikki Marttila)<br \/>Pet\u00e4j\u00e4veden museon kuulumisia<br \/>Salaisen asiamiehen matkalaukku (Kari Syrj\u00e4nen)<br \/>Keskusantennien tulo Suomeen (Pekka H\u00e4m\u00e4l\u00e4inen)<br \/>Vierailu vahvistinasemalle (Janne Strang)<br \/>J\u00e4rke\u00e4 vai ei? (Martti Salminen)<br \/>Tapiolan mastossa (Heikki Marttila)<br \/>Vaikea vian korjaus (Pekka Ritam\u00e4ki)<br \/>Suomen DX-Liitto (Risto V\u00e4h\u00e4kainu)<br \/>RTS<br \/>Haku p\u00e4\u00e4ll\u00e4<br \/>Torotor kelasarjaradio, osa 2 (Heikki Rinnemaa)<br \/><br \/>Varastosaldoon on laskettu uudet ja k\u00e4ytetyt lehdet. Uudet lehdet myyd\u00e4\u00e4n ensin.\u00a0<\/p>","protected":false},"excerpt":{"rendered":"<p>Loppuunmyydyksi merkittyjen lehtien yksitt\u00e4isist\u00e4 artikkeleista voi tiedustella kopioita tai skannauksia.<\/p>","protected":false},"featured_media":42798,"template":"","meta":[],"_links":{"self":[{"href":"https:\/\/www.radiomarket.fi\/en\/wp-json\/wp\/v2\/product\/42820"}],"collection":[{"href":"https:\/\/www.radiomarket.fi\/en\/wp-json\/wp\/v2\/product"}],"about":[{"href":"https:\/\/www.radiomarket.fi\/en\/wp-json\/wp\/v2\/types\/product"}],"wp:featuredmedia":[{"embeddable":true,"href":"https:\/\/www.radiomarket.fi\/en\/wp-json\/wp\/v2\/media\/42798"}],"wp:attachment":[{"href":"https:\/\/www.radiomarket.fi\/en\/wp-json\/wp\/v2\/media?parent=42820"}],"curies":[{"name":"wp","href":"https:\/\/api.w.org\/{rel}","templated":true}]}}