{"id":42853,"date":"2023-10-28T15:56:31","date_gmt":"2023-10-28T12:56:31","guid":{"rendered":"https:\/\/www.radiomarket.fi\/?post_type=product&#038;p=42853"},"modified":"2023-10-18T15:58:02","modified_gmt":"2023-10-18T12:58:02","slug":"ekum7317-radiomaailma-6-2018-lehti","status":"publish","type":"product","link":"https:\/\/www.radiomarket.fi\/en\/kohde\/ekum7317-radiomaailma-6-2018-lehti\/","title":{"rendered":"EKUM7317 Radiomaailma 6\/2018 -lehti"},"content":{"rendered":"<p>Suomen DX-Liitto ry:n julkaisema j\u00e4senlehti, ollut aikanaan my\u00f6s irtonumeromyynniss\u00e4.\u00a0<\/p><p>&nbsp;<\/p><p>Ennen numeroa 1\/1993 lehden nimi oli DX-Kuuntelija.\u00a0<\/p><p>&nbsp;<\/p><p>Alla esitetty numerokohtainen sis\u00e4llysluettelo on ns. artikkeliluettelo. Pois on j\u00e4tetty lehdiss\u00e4 toistuva ajankohtaisaineisto kuten DX-TARVIKEPALVELU, jossa kerrotaan tarvikepalvelun tuotteista, ja SUNSPOT-ajankohtaisosa, joka on jokaisessa lehden numerossa ja jossa on vaihtelevasti yhdistystoimintaa, paikallistoimintaa, DX-Tori, QSL-kilpailu, SDXL Rank, World DX Bulletin, TV News, Vihjeet, Suomea, P\u00e5 svenska, Satellite TV News, Lokit, Sivukaista ja QSL-palstat.<br \/><br \/><strong>T\u00e4ss\u00e4 numerossa:<\/strong><br \/><br \/>Radiomaailma 6\/2018<br \/>4 ILTAY\u00d6N IHMEIT\u00c4<br \/>\u2013 Jenkkikuuntelua Etel\u00e4-Suomessa daytimer-aikaan<br \/>7 MORNING ZOO<br \/>\u2013 Vaihtoehtoja kaikkialle levinneelle aamuohjelmaformaatille<br \/>8 S\u00c4VELRADIO MALLIA 1963<br \/>\u2013 Piraattiasemat saivat Yleisradion lis\u00e4\u00e4m\u00e4\u00e4n kevyen musiikin tarjontaansa<br \/>10 LUETTUA<br \/>\u2013 Pentti Kemppainen: Radiomafia \u2013 isku vy\u00f6n alle<br \/>11 ELINIK\u00c4INEN YST\u00c4V\u00c4 RADIOASEMALTA<br \/>\u2013 Kuunteluraportista espanjalaisasemalle on seurannut l\u00e4pi vuosikymmenten kest\u00e4nyt yhteydenpito<br \/>14 TILTUN JA PEKAN JALANJ\u00c4LJILL\u00c4<br \/>\u2013 Sodanaikaisen propagandaradion sijaintipaikkoja tutkimassa<br \/>16 DX-TARVIKEPALVELU<br \/>46 EDXC BRATISLAVASSA 2018<br \/>\u2013 Euroopan kaukokuuntelijat kokoontuivat Slovakiassa<\/p><p><br \/>Varastosaldoon on laskettu uudet ja k\u00e4ytetyt lehdet. Lehdet myyd\u00e4\u00e4n paremmuusj\u00e4rjestyksess\u00e4.\u00a0<\/p>","protected":false},"excerpt":{"rendered":"<p>Loppuunmyydyksi merkittyjen lehtien yksitt\u00e4isist\u00e4 artikkeleista voi tiedustella kopioita tai skannauksia.<\/p>","protected":false},"featured_media":42854,"template":"","meta":[],"_links":{"self":[{"href":"https:\/\/www.radiomarket.fi\/en\/wp-json\/wp\/v2\/product\/42853"}],"collection":[{"href":"https:\/\/www.radiomarket.fi\/en\/wp-json\/wp\/v2\/product"}],"about":[{"href":"https:\/\/www.radiomarket.fi\/en\/wp-json\/wp\/v2\/types\/product"}],"wp:featuredmedia":[{"embeddable":true,"href":"https:\/\/www.radiomarket.fi\/en\/wp-json\/wp\/v2\/media\/42854"}],"wp:attachment":[{"href":"https:\/\/www.radiomarket.fi\/en\/wp-json\/wp\/v2\/media?parent=42853"}],"curies":[{"name":"wp","href":"https:\/\/api.w.org\/{rel}","templated":true}]}}