{"id":42892,"date":"2023-10-22T20:54:49","date_gmt":"2023-10-22T17:54:49","guid":{"rendered":"https:\/\/www.radiomarket.fi\/?post_type=product&#038;p=42892"},"modified":"2023-10-22T21:05:32","modified_gmt":"2023-10-22T18:05:32","slug":"ekun0111-nastarengas-fiat-ducato-peugeot-boxer-citroen-jumper","status":"publish","type":"product","link":"https:\/\/www.radiomarket.fi\/en\/kohde\/ekun0111-nastarengas-fiat-ducato-peugeot-boxer-citroen-jumper\/","title":{"rendered":"EKUN0111 225\/70 R 15C Michelin Agilis 81 Snow-Ice nastarengas Fiat Ducato Peugeot Boxer Citro\u00ebn Jumper -vanteella"},"content":{"rendered":"<p>Rengas on k\u00e4yt\u00e4nn\u00f6ss\u00e4 ajamaton (tarra n\u00e4kyy viel\u00e4), mutta renkaalla on runsaasti ik\u00e4\u00e4 (DOT4203). Esim. talviseen vararengask\u00e4ytt\u00f6\u00f6n. Py\u00f6rimissuunta ojanpuoleinen.<br \/><br \/>Nouto Pet\u00e4j\u00e4vesi\/Uurainen sopimuksen mukaan. Tiedustele my\u00f6s toimitusvaihtoehtoja.<\/p>","protected":false},"excerpt":{"rendered":"<p>Rengas on k\u00e4yt\u00e4nn\u00f6ss\u00e4 ajamaton (tarra n\u00e4kyy viel\u00e4), mutta renkaalla on runsaasti ik\u00e4\u00e4 (DOT4203). Esim. talviseen vararengask\u00e4ytt\u00f6\u00f6n. Py\u00f6rimissuunta ojanpuoleinen.Nouto Pet\u00e4j\u00e4vesi\/Uurainen sopimuksen mukaan. Tiedustele my\u00f6s toimitusvaihtoehtoja.<\/p>","protected":false},"featured_media":42901,"template":"","meta":[],"_links":{"self":[{"href":"https:\/\/www.radiomarket.fi\/en\/wp-json\/wp\/v2\/product\/42892"}],"collection":[{"href":"https:\/\/www.radiomarket.fi\/en\/wp-json\/wp\/v2\/product"}],"about":[{"href":"https:\/\/www.radiomarket.fi\/en\/wp-json\/wp\/v2\/types\/product"}],"wp:featuredmedia":[{"embeddable":true,"href":"https:\/\/www.radiomarket.fi\/en\/wp-json\/wp\/v2\/media\/42901"}],"wp:attachment":[{"href":"https:\/\/www.radiomarket.fi\/en\/wp-json\/wp\/v2\/media?parent=42892"}],"curies":[{"name":"wp","href":"https:\/\/api.w.org\/{rel}","templated":true}]}}