{"id":42999,"date":"2023-11-01T11:33:37","date_gmt":"2023-11-01T09:33:37","guid":{"rendered":"https:\/\/www.radiomarket.fi\/?post_type=product&#038;p=42999"},"modified":"2023-11-01T11:49:58","modified_gmt":"2023-11-01T09:49:58","slug":"ekum3038-kaiutin-126mm-halkaisija","status":"publish","type":"product","link":"https:\/\/www.radiomarket.fi\/en\/kohde\/ekum3038-kaiutin-126mm-halkaisija\/","title":{"rendered":"EKUM3038 kaiutin 126mm halkaisija"},"content":{"rendered":"<p>Kotelon mitat 151 x 211 x 278 mm. Kotelossa naarmuja. Pohjapuolella valkoista maalinj\u00e4\u00e4m\u00e4\u00e4 tms.<\/p>","protected":false},"excerpt":{"rendered":"<p>Kotelon mitat 151 x 211 x 278 mm. Kotelossa naarmuja. Pohjapuolella valkoista maalinj\u00e4\u00e4m\u00e4\u00e4 tms.<\/p>","protected":false},"featured_media":43002,"template":"","meta":[],"_links":{"self":[{"href":"https:\/\/www.radiomarket.fi\/en\/wp-json\/wp\/v2\/product\/42999"}],"collection":[{"href":"https:\/\/www.radiomarket.fi\/en\/wp-json\/wp\/v2\/product"}],"about":[{"href":"https:\/\/www.radiomarket.fi\/en\/wp-json\/wp\/v2\/types\/product"}],"wp:featuredmedia":[{"embeddable":true,"href":"https:\/\/www.radiomarket.fi\/en\/wp-json\/wp\/v2\/media\/43002"}],"wp:attachment":[{"href":"https:\/\/www.radiomarket.fi\/en\/wp-json\/wp\/v2\/media?parent=42999"}],"curies":[{"name":"wp","href":"https:\/\/api.w.org\/{rel}","templated":true}]}}