{"id":43020,"date":"2024-04-24T13:13:02","date_gmt":"2024-04-24T10:13:02","guid":{"rendered":"https:\/\/www.radiomarket.fi\/?post_type=product&#038;p=43020"},"modified":"2026-03-31T13:17:43","modified_gmt":"2026-03-31T10:17:43","slug":"ekum3041-kauko-ohjauspaneeli-kelanauhurille-tembr-2s","status":"publish","type":"product","link":"https:\/\/www.radiomarket.fi\/en\/kohde\/ekum3041-kauko-ohjauspaneeli-kelanauhurille-tembr-2s\/","title":{"rendered":"EKUM3041 Kauko-ohjauspaneeli kelanauhurille Tembr-2S"},"content":{"rendered":"<p>Valmistettu lokakuussa 1989. Sopii tuotteeseen EKUM3036.<br \/><br \/>Ei alkuper\u00e4ist\u00e4 laatikkoa mukana, mutta luultavasti hyvin v\u00e4h\u00e4n k\u00e4ytetty jos lainkaan, koska er\u00e4n muut esineet olivat osin paketeissaan olevia.<br \/><br \/>T\u00e4h\u00e4n liittyvi\u00e4 oheislaitteita ja varaosia l\u00f6ytyy tuotenumeroilla EKUM3036, EKUM3039-EKUM3040 ja EKUM3042-EKUM3043.<\/p><p>T\u00e4st\u00e4 voidaan luopua, sill\u00e4 samanlainen esine on jo museoituna.<\/p>","protected":false},"excerpt":{"rendered":"<p>Valmistettu lokakuussa 1989. Sopii tuotteeseen EKUM3036.Ei alkuper\u00e4ist\u00e4 laatikkoa mukana, mutta luultavasti hyvin v\u00e4h\u00e4n k\u00e4ytetty jos lainkaan, koska er\u00e4n muut esineet olivat osin paketeissaan olevia.T\u00e4h\u00e4n liittyvi\u00e4 oheislaitteita ja varaosia l\u00f6ytyy tuotenumeroilla EKUM3036, EKUM3039-EKUM3040 ja EKUM3042-EKUM3043.T\u00e4st\u00e4 voidaan luopua, sill\u00e4 samanlainen esine on jo museoituna.<\/p>","protected":false},"featured_media":43023,"template":"","meta":[],"_links":{"self":[{"href":"https:\/\/www.radiomarket.fi\/en\/wp-json\/wp\/v2\/product\/43020"}],"collection":[{"href":"https:\/\/www.radiomarket.fi\/en\/wp-json\/wp\/v2\/product"}],"about":[{"href":"https:\/\/www.radiomarket.fi\/en\/wp-json\/wp\/v2\/types\/product"}],"wp:featuredmedia":[{"embeddable":true,"href":"https:\/\/www.radiomarket.fi\/en\/wp-json\/wp\/v2\/media\/43023"}],"wp:attachment":[{"href":"https:\/\/www.radiomarket.fi\/en\/wp-json\/wp\/v2\/media?parent=43020"}],"curies":[{"name":"wp","href":"https:\/\/api.w.org\/{rel}","templated":true}]}}